{"id":1452,"date":"2022-03-01T16:37:57","date_gmt":"2022-03-01T15:37:57","guid":{"rendered":"https:\/\/www.hebammestrobel.de\/?page_id=1452"},"modified":"2022-03-17T19:12:09","modified_gmt":"2022-03-17T18:12:09","slug":"schwangerschaftsvorsorge","status":"publish","type":"page","link":"https:\/\/hebammestrobel.de\/?page_id=1452","title":{"rendered":"Schwangerschaftsvorsorge"},"content":{"rendered":"<section class=\"l-section wpb_row us_custom_4edece6e hide_on_mobiles height_auto full_height valign_center width_full with_img with_shape\" id=\"vorsorge\"><div class=\"l-section-img\" role=\"img\" aria-label=\"Bild\" data-img-width=\"2560\" data-img-height=\"1707\" style=\"background-image: url(https:\/\/hebammestrobel.de\/wp-content\/uploads\/2022\/03\/pregnant-test-scaled.jpg);background-repeat: no-repeat;\"><\/div><div class=\"l-section-overlay\" style=\"background:rgba(0,0,0,0.65)\"><\/div><div class=\"l-section-shape type_tilt pos_top hor_flip\" style=\"height:15vmin;\"><svg xmlns=\"http:\/\/www.w3.org\/2000\/svg\" viewBox=\"0 0 64 8\" preserveAspectRatio=\"none\" width=\"100%\" height=\"100%\">\r\n\t<path fill=\"currentColor\" d=\"M64 7.9 L64 10 L0 10 L0 0 Z\"\/>\r\n<\/svg><\/div><div class=\"l-section-shape type_tilt pos_bottom\" style=\"height:15vmin;\"><svg xmlns=\"http:\/\/www.w3.org\/2000\/svg\" viewBox=\"0 0 64 8\" preserveAspectRatio=\"none\" width=\"100%\" height=\"100%\">\r\n\t<path fill=\"currentColor\" d=\"M64 7.9 L64 10 L0 10 L0 0 Z\"\/>\r\n<\/svg><\/div><div class=\"l-section-h i-cf\"><div class=\"g-cols vc_row via_grid cols_2-1 laptops-cols_inherit tablets-cols_inherit mobiles-cols_1 valign_top type_default stacking_default\"><div class=\"wpb_column vc_column_container us_custom_f1932c80\"><div class=\"vc_column-inner\"><div class=\"wpb_text_column us_custom_4edece6e\"><div class=\"wpb_wrapper\"><h2 style=\"text-align: left;\"><span class=\"highlight highlight_primary\">Schwangerschafts<\/span><span style=\"color: #ffffff;\">vorsorge<\/span><\/h2>\n<h5 style=\"text-align: left;\"><span style=\"color: #ffffff;\">Ge<span style=\"color: #ffffff;\">rne begleite ich Sie im Wechsel mit Ihrem Frauenarzt\/in durch ver\u00e4ndernde und aufregende neun Mon<\/span>ate Ihrer Schwangerschaft. Ich stehe Ihnen mit Rat und Tat zur Seite, bei Problemen\/ Beschwerden oder Fragen rund um Schwangerschaft und Geburt. Zur Vorsorge besuche ich Sie gerne zu Hause oder Sie kommen zu mir in die Praxis. Ausf\u00fchrliche Gespr\u00e4che in Ruhe geh\u00f6ren genauso dazu, wie das Abtasten des Bauches, Messen des Bauchumfangs, h\u00f6ren der kindlichen Herzt\u00f6ne, Blutdruckmessung, Urinuntersuchung, Gewichtskontrolle, Blutentnahme und bei Bedarf auch eine vaginale Untersuchung. Die ersten 7 Monate findet die Vorsorge im Abstand von vier Wochen, danach alle zwei Wochen, statt. Bei Beschwerden oder Problemen k\u00f6nnen auch zus\u00e4tzliche Hausbesuche erfolgen.<\/span><\/h5>\n<\/div><\/div><div class=\"wpb_text_column us_custom_2ae65f69\"><div class=\"wpb_wrapper\"><h5><span style=\"color: #ffffff;\">Die Vorsorge ist eine gesetzliche Kassenleistung.<\/span><\/h5>\n<\/div><\/div><\/div><\/div><div class=\"wpb_column vc_column_container us_custom_4edece6e\"><div class=\"vc_column-inner\"><\/div><\/div><\/div><\/div><\/section><section class=\"l-section wpb_row us_custom_9478644d hide_on_default hide_on_laptops hide_on_tablets height_large full_height valign_top with_img\" id=\"vorsorge\"><div class=\"l-section-img\" role=\"img\" aria-label=\"Bild\" data-img-width=\"2560\" data-img-height=\"1707\" style=\"background-image: url(https:\/\/hebammestrobel.de\/wp-content\/uploads\/2022\/03\/pregnant-test-scaled.jpg);background-repeat: no-repeat;\"><\/div><div class=\"l-section-overlay\" style=\"background:rgba(0,0,0,0.65)\"><\/div><div class=\"l-section-h i-cf\"><div class=\"g-cols vc_row via_grid cols_3 laptops-cols_inherit tablets-cols_inherit mobiles-cols_1 valign_top type_default stacking_default\"><div class=\"wpb_column vc_column_container us_custom_18770c04\"><div class=\"vc_column-inner\"><div class=\"wpb_text_column\"><div class=\"wpb_wrapper\"><h3><\/h3>\n<h3 style=\"text-align: left;\"><span class=\"highlight highlight_primary\">Schwangerschafts<\/span><span style=\"color: #ffffff;\">vorsorge<\/span><\/h3>\n<h5><span style=\"color: #ffffff;\">Gerne begleite ich Sie im Wechsel mit Ihrem Frauenarzt\/in durch ver\u00e4ndernde und aufregende neun Monate Ihrer Schwangerschaft. Ich stehe Ihnen mit Rat und Tat zur Seite, bei Problemen\/ Beschwerden oder Fragen rund um Schwangerschaft und Geburt. Zur Vorsorge besuche ich Sie gerne zu Hause oder Sie kommen zu mir in die Praxis. Ausf\u00fchrliche Gespr\u00e4che in Ruhe geh\u00f6ren genauso dazu, wie das Abtasten des Bauches, Messen des Bauchumfangs, h\u00f6ren der kindlichen Herzt\u00f6ne, Blutdruckmessung, Urinuntersuchung, Gewichtskontrolle, Blutentnahme und bei Bedarf auch eine vaginale Untersuchung. Die ersten 7 Monate findet die Vorsorge im Abstand von vier Wochen, danach alle zwei Wochen, statt. Bei Beschw<span style=\"color: #ffffff;\">erden oder Problem<\/span>en k\u00f6nnen auch zus\u00e4tzliche Hausbesuche erfolgen.<\/span><\/h5>\n<\/div><\/div><div class=\"wpb_text_column us_custom_2ae65f69\"><div class=\"wpb_wrapper\"><h5><span style=\"color: #ffffff;\">Die Vorsorge ist eine gesetzliche Kassenleistung.<\/span><\/h5>\n<\/div><\/div><\/div><\/div><div class=\"wpb_column vc_column_container\"><div class=\"vc_column-inner\"><\/div><\/div><div class=\"wpb_column vc_column_container\"><div class=\"vc_column-inner\"><\/div><\/div><\/div><\/div><\/section>\n","protected":false},"excerpt":{"rendered":"Schwangerschaftsvorsorge Gerne begleite ich Sie im Wechsel mit Ihrem Frauenarzt\/in durch ver\u00e4ndernde und aufregende neun Monate Ihrer Schwangerschaft. Ich stehe Ihnen mit Rat und Tat zur Seite, bei Problemen\/ Beschwerden oder Fragen rund um Schwangerschaft und Geburt. Zur Vorsorge besuche ich Sie gerne zu Hause oder Sie kommen zu mir in die Praxis. Ausf\u00fchrliche Gespr\u00e4che...","protected":false},"author":1,"featured_media":0,"parent":0,"menu_order":0,"comment_status":"closed","ping_status":"closed","template":"","meta":[],"_links":{"self":[{"href":"https:\/\/hebammestrobel.de\/index.php?rest_route=\/wp\/v2\/pages\/1452"}],"collection":[{"href":"https:\/\/hebammestrobel.de\/index.php?rest_route=\/wp\/v2\/pages"}],"about":[{"href":"https:\/\/hebammestrobel.de\/index.php?rest_route=\/wp\/v2\/types\/page"}],"author":[{"embeddable":true,"href":"https:\/\/hebammestrobel.de\/index.php?rest_route=\/wp\/v2\/users\/1"}],"replies":[{"embeddable":true,"href":"https:\/\/hebammestrobel.de\/index.php?rest_route=%2Fwp%2Fv2%2Fcomments&post=1452"}],"version-history":[{"count":72,"href":"https:\/\/hebammestrobel.de\/index.php?rest_route=\/wp\/v2\/pages\/1452\/revisions"}],"predecessor-version":[{"id":1891,"href":"https:\/\/hebammestrobel.de\/index.php?rest_route=\/wp\/v2\/pages\/1452\/revisions\/1891"}],"wp:attachment":[{"href":"https:\/\/hebammestrobel.de\/index.php?rest_route=%2Fwp%2Fv2%2Fmedia&parent=1452"}],"curies":[{"name":"wp","href":"https:\/\/api.w.org\/{rel}","templated":true}]}}