{"id":1517,"date":"2022-03-05T18:57:27","date_gmt":"2022-03-05T17:57:27","guid":{"rendered":"https:\/\/www.hebammestrobel.de\/?page_id=1517"},"modified":"2022-04-24T12:19:49","modified_gmt":"2022-04-24T10:19:49","slug":"geburtsvorbereitung","status":"publish","type":"page","link":"https:\/\/hebammestrobel.de\/?page_id=1517","title":{"rendered":"Geburtsvorbereitung"},"content":{"rendered":"<section class=\"l-section wpb_row hide_on_mobiles height_auto full_height valign_center width_full with_img with_shape\"><div class=\"l-section-img\" role=\"img\" aria-label=\"Bild\" data-img-width=\"2560\" data-img-height=\"1707\" style=\"background-image: url(https:\/\/hebammestrobel.de\/wp-content\/uploads\/2022\/03\/Geburtsvorbereitung-scaled.jpg);background-repeat: no-repeat;\"><\/div><div class=\"l-section-overlay\" style=\"background:rgba(0,0,0,0.65)\"><\/div><div class=\"l-section-shape type_zigzag pos_bottom\" style=\"height:15vmin;\"><svg xmlns=\"http:\/\/www.w3.org\/2000\/svg\" viewBox=\"0 0 64 8\" preserveAspectRatio=\"none\" width=\"100%\" height=\"100%\">\r\n\t<path fill=\"currentColor\" d=\"M64 8 L0 8 L0 0 L20 7.9 L40 3 L48 5 L64 0 Z\"\/>\r\n<\/svg><\/div><div class=\"l-section-h i-cf\"><div class=\"g-cols vc_row via_grid cols_1-2-1 laptops-cols_inherit tablets-cols_inherit mobiles-cols_1 valign_top type_default stacking_default\"><div class=\"wpb_column vc_column_container\"><div class=\"vc_column-inner\"><\/div><\/div><div class=\"wpb_column vc_column_container\"><div class=\"vc_column-inner\"><div class=\"wpb_text_column\"><div class=\"wpb_wrapper\"><h2 style=\"text-align: center;\"><span class=\"highlight highlight_primary\">Geburts<\/span><span style=\"color: #ffffff;\">vorbereitung<\/span><\/h2>\n<p><span style=\"color: #ffffff;\">Bereiten Sie sich optimal auf die Geburt vor &#8211; damit Sie diesem gro\u00dfen Ereignis ganz entspannt und gelassen entgegensehen k\u00f6nnen.<\/span><br \/>\n<span style=\"color: #ffffff;\">Die Kurse zur Geburtsvorbereitung umfassen 7 Abende zu je zwei Stunden. Ca. 2 Wochen vor Kursende ist ein zus\u00e4tzlicher Partnerabend f\u00fcr interessierte, werdende Papas vorgesehen.<\/span><br \/>\n<span style=\"color: #ffffff;\">Im Geburtsvorbereitungskurs erhalten Sie Kenntnisse \u00fcber die Vorzeichen der Geburt und den Geburtsverlauf. Wir machen praktische \u00dcbungen zur K\u00f6rperwahrnehmung, Atmung und Entspannung. Diese k\u00f6nnen den Umgang mit dem Wehenschmerz konkreter vorstellbar machen und durch gezielte \u00dcbung die Geburt erleichtern. Au\u00dferdem zeige ich Ihnen unterschiedliche Geb\u00e4rhaltungen und \u00fcben sie auch mit Ihrem Partner zusammen am Partnerabend. Nat\u00fcrlich erhalten Sie auch ausf\u00fchrliche Informationen rund um das Wochenbett und Stillen.<\/span><br \/>\n<span style=\"color: #ffffff;\">Und nicht zuletzt bieten die Kurse eine gute Gelegenheit, kompetente Antworten auf viele Fragen rund um die Geburt zu erhalten.<\/span><br \/>\n<span style=\"color: #ffffff;\">Melden Sie sich sp\u00e4testens bis zur 15.SSW an.<\/span><\/p>\n<\/div><\/div><div class=\"ult-spacer spacer-69d219b600888\" data-id=\"69d219b600888\" data-height=\"15\" data-height-mobile=\"15\" data-height-tab=\"15\" data-height-tab-portrait=\"\" data-height-mobile-landscape=\"\" style=\"clear:both;display:block;\"><\/div><div class=\"wpb_text_column\"><div class=\"wpb_wrapper\"><h5><span style=\"color: #ffffff;\">Der Kurs ist eine gesetzliche Kassenleistung, vers\u00e4umte Kursstunden und der Partnerabend m\u00fcssen selbst bezahlt werden.<\/span><\/h5>\n<\/div><\/div><div class=\"ult-spacer spacer-69d219b600971\" data-id=\"69d219b600971\" data-height=\"15\" data-height-mobile=\"15\" data-height-tab=\"15\" data-height-tab-portrait=\"\" data-height-mobile-landscape=\"\" style=\"clear:both;display:block;\"><\/div><div class=\"w-btn-wrapper align_none\"><a class=\"w-btn us-btn-style_1 icon_atleft\" title=\"Kurstermine Geburtsvorbereitung\" href=\"https:\/\/www.hebammestrobel.de\/?page_id=1733\"><i class=\"material-icons\">event_available<\/i><span class=\"w-btn-label\">Kurstermine &gt;&gt;<\/span><\/a><\/div><div class=\"ult-spacer spacer-69d219b600b12\" data-id=\"69d219b600b12\" data-height=\"15\" data-height-mobile=\"15\" data-height-tab=\"15\" data-height-tab-portrait=\"\" data-height-mobile-landscape=\"\" style=\"clear:both;display:block;\"><\/div><\/div><\/div><div class=\"wpb_column vc_column_container\"><div class=\"vc_column-inner\"><\/div><\/div><\/div><\/div><\/section><section class=\"l-section wpb_row hide_on_default hide_on_laptops hide_on_tablets height_large full_height valign_top with_img\"><div class=\"l-section-img\" role=\"img\" aria-label=\"Bild\" data-img-width=\"2560\" data-img-height=\"1707\" style=\"background-image: url(https:\/\/hebammestrobel.de\/wp-content\/uploads\/2022\/03\/Geburtsvorbereitung-scaled.jpg);background-repeat: no-repeat;\"><\/div><div class=\"l-section-overlay\" style=\"background:rgba(0,0,0,0.65)\"><\/div><div class=\"l-section-h i-cf\"><div class=\"g-cols vc_row via_grid cols_3 laptops-cols_inherit tablets-cols_inherit mobiles-cols_1 valign_top type_default stacking_default\"><div class=\"wpb_column vc_column_container\"><div class=\"vc_column-inner\"><\/div><\/div><div class=\"wpb_column vc_column_container\"><div class=\"vc_column-inner\"><div class=\"wpb_text_column\"><div class=\"wpb_wrapper\"><h2 style=\"text-align: center;\"><span class=\"highlight highlight_primary\">Geburts<\/span><span style=\"color: #ffffff;\">vorbereitung<\/span><\/h2>\n<p><span style=\"color: #ffffff;\">Bereiten Sie sich optimal auf die Geburt vor &#8211; damit Sie diesem gro\u00dfen Ereignis ganz entspannt und gelassen entgegensehen k\u00f6nnen.<\/span><br \/>\n<span style=\"color: #ffffff;\">Die Kurse zur Geburtsvorbereitung umfassen 7 Abende zu je zwei Stunden. Ca. 2 Wochen vor Kursende ist ein zus\u00e4tzlicher Partnerabend f\u00fcr interessierte, werdende Papas vorgesehen.<\/span><br \/>\n<span style=\"color: #ffffff;\">Im Geburtsvorbereitungskurs erhalten Sie Kenntnisse \u00fcber die Vorzeichen der Geburt und den Geburtsverlauf. Wir machen praktische \u00dcbungen zur K\u00f6rperwahrnehmung, Atmung und Entspannung. Diese k\u00f6nnen den Umgang mit dem Wehenschmerz konkreter vorstellbar machen und durch gezielte \u00dcbung die Geburt erleichtern. Au\u00dferdem zeige ich Ihnen unterschiedliche Geb\u00e4rhaltungen und \u00fcben sie auch mit Ihrem Partner zusammen am Partnerabend. Nat\u00fcrlich erhalten Sie auch ausf\u00fchrliche Informationen rund um das Wochenbett und Stillen.<\/span><br \/>\n<span style=\"color: #ffffff;\">Und nicht zuletzt bieten die Kurse eine gute Gelegenheit, kompetente Antworten auf viele Fragen rund um die Geburt zu erhalten.<\/span><br \/>\n<span style=\"color: #ffffff;\">Melden Sie sich sp\u00e4testens bis zur 15.SSW an.<\/span><\/p>\n<\/div><\/div><div class=\"ult-spacer spacer-69d219b601441\" data-id=\"69d219b601441\" data-height=\"15\" data-height-mobile=\"15\" data-height-tab=\"15\" data-height-tab-portrait=\"\" data-height-mobile-landscape=\"\" style=\"clear:both;display:block;\"><\/div><div class=\"wpb_text_column\"><div class=\"wpb_wrapper\"><h5><span style=\"color: #ffffff;\">Der Kurs ist eine gesetzliche Kassenleistung, vers\u00e4umte Kursstunden und der Partnerabend m\u00fcssen selbst bezahlt werden.<\/span><\/h5>\n<\/div><\/div><div class=\"ult-spacer spacer-69d219b60151d\" data-id=\"69d219b60151d\" data-height=\"15\" data-height-mobile=\"15\" data-height-tab=\"15\" data-height-tab-portrait=\"\" data-height-mobile-landscape=\"\" style=\"clear:both;display:block;\"><\/div><div class=\"w-btn-wrapper align_none\"><a class=\"w-btn us-btn-style_1 icon_atleft\" title=\"Kurstermine Geburtsvorbereitung\" href=\"https:\/\/www.hebammestrobel.de\/?page_id=1733\"><i class=\"material-icons\">event_available<\/i><span class=\"w-btn-label\">Kurstermine &gt;&gt;<\/span><\/a><\/div><\/div><\/div><div class=\"wpb_column vc_column_container\"><div class=\"vc_column-inner\"><\/div><\/div><\/div><\/div><\/section>\n","protected":false},"excerpt":{"rendered":"Geburtsvorbereitung Bereiten Sie sich optimal auf die Geburt vor &#8211; damit Sie diesem gro\u00dfen Ereignis ganz entspannt und gelassen entgegensehen k\u00f6nnen. Die Kurse zur Geburtsvorbereitung umfassen 7 Abende zu je zwei Stunden. Ca. 2 Wochen vor Kursende ist ein zus\u00e4tzlicher Partnerabend f\u00fcr interessierte, werdende Papas vorgesehen. Im Geburtsvorbereitungskurs erhalten Sie Kenntnisse \u00fcber die Vorzeichen der...","protected":false},"author":1,"featured_media":0,"parent":0,"menu_order":0,"comment_status":"closed","ping_status":"closed","template":"","meta":[],"_links":{"self":[{"href":"https:\/\/hebammestrobel.de\/index.php?rest_route=\/wp\/v2\/pages\/1517"}],"collection":[{"href":"https:\/\/hebammestrobel.de\/index.php?rest_route=\/wp\/v2\/pages"}],"about":[{"href":"https:\/\/hebammestrobel.de\/index.php?rest_route=\/wp\/v2\/types\/page"}],"author":[{"embeddable":true,"href":"https:\/\/hebammestrobel.de\/index.php?rest_route=\/wp\/v2\/users\/1"}],"replies":[{"embeddable":true,"href":"https:\/\/hebammestrobel.de\/index.php?rest_route=%2Fwp%2Fv2%2Fcomments&post=1517"}],"version-history":[{"count":16,"href":"https:\/\/hebammestrobel.de\/index.php?rest_route=\/wp\/v2\/pages\/1517\/revisions"}],"predecessor-version":[{"id":1941,"href":"https:\/\/hebammestrobel.de\/index.php?rest_route=\/wp\/v2\/pages\/1517\/revisions\/1941"}],"wp:attachment":[{"href":"https:\/\/hebammestrobel.de\/index.php?rest_route=%2Fwp%2Fv2%2Fmedia&parent=1517"}],"curies":[{"name":"wp","href":"https:\/\/api.w.org\/{rel}","templated":true}]}}