{"id":1524,"date":"2022-03-05T19:06:50","date_gmt":"2022-03-05T18:06:50","guid":{"rendered":"https:\/\/www.hebammestrobel.de\/?page_id=1524"},"modified":"2026-01-11T17:41:45","modified_gmt":"2026-01-11T16:41:45","slug":"nachsorge","status":"publish","type":"page","link":"https:\/\/hebammestrobel.de\/?page_id=1524","title":{"rendered":"Nachsorge"},"content":{"rendered":"<section class=\"l-section wpb_row hide_on_mobiles height_small full_height valign_center width_full with_img with_shape\" id=\"vorsorge\"><div class=\"l-section-img\" role=\"img\" aria-label=\"Bild\" data-img-width=\"2560\" data-img-height=\"1707\" style=\"background-image: url(https:\/\/hebammestrobel.de\/wp-content\/uploads\/2022\/03\/Nachsorge-scaled.jpg);\"><\/div><div class=\"l-section-overlay\" style=\"background:rgba(0,0,0,0.65)\"><\/div><div class=\"l-section-shape type_curve pos_top hor_flip\" style=\"height:15vmin;\"><svg xmlns=\"http:\/\/www.w3.org\/2000\/svg\" viewBox=\"0 0 64 8\" preserveAspectRatio=\"none\" width=\"100%\" height=\"100%\">\r\n\t<path fill=\"currentColor\" d=\"M64 8 L64 0 Q32 15.8 0 0 L0 8 Z\"\/>\r\n<\/svg><\/div><div class=\"l-section-shape type_curve pos_bottom\" style=\"height:15vmin;\"><svg xmlns=\"http:\/\/www.w3.org\/2000\/svg\" viewBox=\"0 0 64 8\" preserveAspectRatio=\"none\" width=\"100%\" height=\"100%\">\r\n\t<path fill=\"currentColor\" d=\"M64 8 L64 0 Q32 15.8 0 0 L0 8 Z\"\/>\r\n<\/svg><\/div><div class=\"l-section-h i-cf\"><div class=\"g-cols vc_row via_grid cols_1-3 laptops-cols_inherit tablets-cols_inherit mobiles-cols_1 valign_top type_default stacking_default\"><div class=\"wpb_column vc_column_container us_custom_2f718236\"><div class=\"vc_column-inner\"><\/div><\/div><div class=\"wpb_column vc_column_container\"><div class=\"vc_column-inner\"><div class=\"wpb_text_column\"><div class=\"wpb_wrapper\"><h2 style=\"text-align: center;\"><span class=\"highlight highlight_primary\">Nach<span style=\"color: #ffffff;\">s<\/span><\/span><span style=\"color: #ffffff;\">orge<\/span><\/h2>\n<h5><span style=\"color: #ffffff;\">Die erste Zeit zuhause ist oft eine Herausforderung f\u00fcr die frischgebackenen Eltern!<\/span><br \/>\n<span style=\"color: #ffffff;\">Gerne beantworte ich Ihre Fragen um der anf\u00e4nglichen Unsicherheit entgegen zu wirken. Ich gebe Ihnen Unterst\u00fctzung beim Stillen und bei Ern\u00e4hrungsfragen. Kontrolliere die R\u00fcckbildung der Geb\u00e4rmutter, die Heilung einer evtl. Dammverletzung oder Kaiserschnittnaht.<\/span><\/h5>\n<h5><span style=\"color: #ffffff;\">Beim Kind versorge ich den Nabel, beobachte den Gewichtsverlauf, das Trinkverhalten, die Ausscheidung und das Gedeihen des Kindes. Gerne k\u00f6nnen wir Ihr Kind in Ihrer h\u00e4uslichen Umgebung zusammen baden.<\/span><br \/>\n<span style=\"color: #ffffff;\">Bei allen Fragen rund um Mutter und Kind stehe ich Ihnen gerne mit Rat und Tat zur Seite! W\u00e4hrend der gesamten Stillzeit bleibe ich Ansprechpartnerin f\u00fcr Ern\u00e4hrungsfragen, Beikostf\u00fctterung, Abstillen&#8230;.<\/span><br \/>\n<span style=\"color: #ffffff;\">Zur Wochenbettbegleitung kann ich Sie t\u00e4glich bis zum 10. Tag nach der Geburt zuhause besuchen. Wenn Schwierigkeiten (wie z.B. Stillprobleme) auftreten ist ein Besuch bis max. 12 Wochen nach der Geburt m\u00f6glich.<\/span><\/h5>\n<\/div><\/div><div class=\"wpb_text_column\"><div class=\"wpb_wrapper\"><h5><span style=\"color: #ffffff;\">Die Nachsorge ist eine gesetzliche Kassenleistung.<\/span><\/h5>\n<\/div><\/div><div class=\"wpb_text_column\"><div class=\"wpb_wrapper\"><h4><span style=\"color: #ff9900;\">Bitte beachten Sie, dass ich f\u00fcr Hausbesuche (Nachsorge) bis Ende September keine Kapazit\u00e4ten mehr frei habe! Es ist nicht notwendig f\u00fcr diesen Zeitraum weitere Anfragen zu stellen.<\/span><\/h4>\n<\/div><\/div><\/div><\/div><\/div><\/div><\/section><section class=\"l-section wpb_row hide_on_default hide_on_laptops hide_on_tablets height_large full_height valign_center with_img\" id=\"vorsorge\"><div class=\"l-section-img\" role=\"img\" aria-label=\"Bild\" data-img-width=\"2560\" data-img-height=\"1707\" style=\"background-image: url(https:\/\/hebammestrobel.de\/wp-content\/uploads\/2022\/03\/Nachsorge-scaled.jpg);\"><\/div><div class=\"l-section-overlay\" style=\"background:rgba(0,0,0,0.65)\"><\/div><div class=\"l-section-h i-cf\"><div class=\"g-cols vc_row via_grid cols_3 laptops-cols_inherit tablets-cols_inherit mobiles-cols_1 valign_top type_default stacking_default\"><div class=\"wpb_column vc_column_container us_custom_2f718236\"><div class=\"vc_column-inner\"><\/div><\/div><div class=\"wpb_column vc_column_container\"><div class=\"vc_column-inner\"><\/div><\/div><div class=\"wpb_column vc_column_container us_custom_9d5fe496\"><div class=\"vc_column-inner\"><div class=\"wpb_text_column\"><div class=\"wpb_wrapper\"><h2 style=\"text-align: center;\"><span class=\"highlight highlight_primary\">Nach<span style=\"color: #ffffff;\">s<\/span><\/span><span style=\"color: #ffffff;\">orge<\/span><\/h2>\n<h5><span style=\"color: #ffffff;\">Die erste Zeit zuhause ist oft eine Herausforderung f\u00fcr die frischgebackenen Eltern!<\/span><br \/>\n<span style=\"color: #ffffff;\">Gerne beantworte ich Ihre Fragen um der anf\u00e4nglichen Unsicherheit entgegen zu wirken. Ich gebe Ihnen Unterst\u00fctzung beim Stillen und bei Ern\u00e4hrungsfragen. Kontrolliere die R\u00fcckbildung der Geb\u00e4rmutter, die Heilung einer evtl. Dammverletzung oder Kaiserschnittnaht.<\/span><\/h5>\n<h5><span style=\"color: #ffffff;\">Beim Kind versorge ich den Nabel, beobachte den Gewichtsverlauf, das Trinkverhalten, die Ausscheidung und das Gedeihen des Kindes. Gerne k\u00f6nnen wir Ihr Kind in Ihrer h\u00e4uslichen Umgebung zusammen baden.<\/span><br \/>\n<span style=\"color: #ffffff;\">Bei allen Fragen rund um Mutter und Kind stehe ich Ihnen gerne mit Rat und Tat zur Seite! W\u00e4hrend der gesamten Stillzeit bleibe ich Ansprechpartnerin f\u00fcr Ern\u00e4hrungsfragen, Beikostf\u00fctterung, Abstillen&#8230;.<\/span><br \/>\n<span style=\"color: #ffffff;\">Zur Wochenbettbegleitung kann ich Sie t\u00e4glich bis zum 10. Tag nach der Geburt zuhause besuchen. Wenn Schwierigkeiten (wie z.B. Stillprobleme) auftreten ist ein Besuch bis max. 12 Wochen nach der Geburt m\u00f6glich.<\/span><\/h5>\n<\/div><\/div><div class=\"wpb_text_column\"><div class=\"wpb_wrapper\"><h5><span style=\"color: #ffffff;\">Die Nachsorge ist eine gesetzliche Kassenleistung.<\/span><\/h5>\n<\/div><\/div><div class=\"wpb_text_column\"><div class=\"wpb_wrapper\"><h4><span style=\"color: #ff9900;\">Bitte beachten Sie, dass ich f\u00fcr Hausbesuche (Nachsorge) bis Mitte Juni 2026 keine Kapazit\u00e4ten mehr habe! Es ist nicht notwendig f\u00fcr diesen Zeitraum weitere Anfragen zu stellen.<\/span><\/h4>\n<\/div><\/div><\/div><\/div><\/div><\/div><\/section>\n","protected":false},"excerpt":{"rendered":"Nachsorge Die erste Zeit zuhause ist oft eine Herausforderung f\u00fcr die frischgebackenen Eltern! Gerne beantworte ich Ihre Fragen um der anf\u00e4nglichen Unsicherheit entgegen zu wirken. Ich gebe Ihnen Unterst\u00fctzung beim Stillen und bei Ern\u00e4hrungsfragen. Kontrolliere die R\u00fcckbildung der Geb\u00e4rmutter, die Heilung einer evtl. Dammverletzung oder Kaiserschnittnaht. Beim Kind versorge ich den Nabel, beobachte den Gewichtsverlauf,...","protected":false},"author":1,"featured_media":0,"parent":0,"menu_order":0,"comment_status":"closed","ping_status":"closed","template":"","meta":[],"_links":{"self":[{"href":"https:\/\/hebammestrobel.de\/index.php?rest_route=\/wp\/v2\/pages\/1524"}],"collection":[{"href":"https:\/\/hebammestrobel.de\/index.php?rest_route=\/wp\/v2\/pages"}],"about":[{"href":"https:\/\/hebammestrobel.de\/index.php?rest_route=\/wp\/v2\/types\/page"}],"author":[{"embeddable":true,"href":"https:\/\/hebammestrobel.de\/index.php?rest_route=\/wp\/v2\/users\/1"}],"replies":[{"embeddable":true,"href":"https:\/\/hebammestrobel.de\/index.php?rest_route=%2Fwp%2Fv2%2Fcomments&post=1524"}],"version-history":[{"count":26,"href":"https:\/\/hebammestrobel.de\/index.php?rest_route=\/wp\/v2\/pages\/1524\/revisions"}],"predecessor-version":[{"id":2076,"href":"https:\/\/hebammestrobel.de\/index.php?rest_route=\/wp\/v2\/pages\/1524\/revisions\/2076"}],"wp:attachment":[{"href":"https:\/\/hebammestrobel.de\/index.php?rest_route=%2Fwp%2Fv2%2Fmedia&parent=1524"}],"curies":[{"name":"wp","href":"https:\/\/api.w.org\/{rel}","templated":true}]}}