{"id":1560,"date":"2022-03-06T12:49:39","date_gmt":"2022-03-06T11:49:39","guid":{"rendered":"https:\/\/www.hebammestrobel.de\/?page_id=1560"},"modified":"2022-03-13T19:21:04","modified_gmt":"2022-03-13T18:21:04","slug":"beckenbodengymnastik","status":"publish","type":"page","link":"https:\/\/hebammestrobel.de\/?page_id=1560","title":{"rendered":"Beckenboden Kurs"},"content":{"rendered":"<section class=\"l-section wpb_row hide_on_mobiles height_large full_height valign_center width_full with_img with_shape\"><div class=\"l-section-img\" role=\"img\" aria-label=\"Bild\" data-img-width=\"2560\" data-img-height=\"1707\" style=\"background-image: url(https:\/\/hebammestrobel.de\/wp-content\/uploads\/2022\/03\/becken-scaled.jpg);background-position: top center;background-repeat: no-repeat;\"><\/div><div class=\"l-section-overlay\" style=\"background:rgba(0,0,0,0.65)\"><\/div><div class=\"l-section-shape type_wave pos_bottom\" style=\"height:15vmin;\"><svg xmlns=\"http:\/\/www.w3.org\/2000\/svg\" viewBox=\"0 4 64 4\" preserveAspectRatio=\"none\" width=\"100%\" height=\"100%\">\r\n\t<path fill=\"currentColor\" d=\"M64 6 C32 0 32 12 0 6 L0 8 L64 8 Z\"\/>\r\n<\/svg><\/div><div class=\"l-section-h i-cf\"><div class=\"g-cols vc_row via_grid cols_2-1 laptops-cols_inherit tablets-cols_inherit mobiles-cols_1 valign_top type_default stacking_default\"><div class=\"wpb_column vc_column_container us_custom_2f718236\"><div class=\"vc_column-inner\"><div class=\"wpb_text_column\"><div class=\"wpb_wrapper\"><h2 style=\"text-align: left;\"><span class=\"highlight highlight_primary\">Beckenboden <span style=\"color: #ffffff;\">Kurs<\/span><\/span><\/h2>\n<h3 style=\"text-align: left;\"><span style=\"color: #ffffff;\">Beckenboden- und Kontinenztraining f\u00fcr Frauen jeden Alters.<\/span><\/h3>\n<h5><span style=\"color: #ffffff;\">Risikofaktoren wie:<\/span><br \/>\n<span style=\"color: #ffffff;\">&#8211; Menopause<\/span><br \/>\n<span style=\"color: #ffffff;\">&#8211; Geburten und Schwangerschaften<\/span><br \/>\n<span style=\"color: #ffffff;\">&#8211; Bindegewebsschw\u00e4che<\/span><br \/>\n<span style=\"color: #ffffff;\">&#8211; Geb\u00e4rmutterentfernung<\/span><br \/>\n<span style=\"color: #ffffff;\">&#8211; \u00dcbergewicht<\/span><br \/>\n<span style=\"color: #ffffff;\">&#8211; Schlechte Bewegungsf\u00e4higkeit<\/span><br \/>\n<span style=\"color: #ffffff;\">&#8211; Schlaganfall<\/span><br \/>\n<span style=\"color: #ffffff;\">&#8211; Diabetes mellitus<\/span><br \/>\n<span style=\"color: #ffffff;\">&#8211; Blaseninfektionen<\/span><br \/>\n<span style=\"color: #ffffff;\">&#8211; Alter<\/span><br \/>\n<span style=\"color: #ffffff;\">&#8211; bestimmte Medikamente<\/span><\/h5>\n<h5><span style=\"color: #ffffff;\">schw\u00e4chen den Beckenboden. Die Folgen k\u00f6nnen Schwierigkeiten beim Halten des Urins und Stuhlgangs sein.<\/span><br \/>\n<span style=\"color: #ffffff;\">Der Beckenboden hat die Funktion die Kontinenz zu erhalten, Rumpf und Becken zu stabilisieren, die Beckenorgane an Ihrem Platz zu sichern, sich f\u00fcr Ausscheidungen und Geburten zu erweitern.<\/span><br \/>\n<span style=\"color: #ffffff;\">Im Kurs lernen Sie die versteckte Beckenbodenmuskulatur wahrzunehmen und zu kr\u00e4ftigen. Durch diese Stabilisierung der Mitte erlangen Sie mehr &#8222;Blasensicherheit&#8220;, eine Unterst\u00fctzung der Bauch-, Bein-, und R\u00fcckenmuskulatur und somit eine gesunde Aufrichtung.<\/span><br \/>\n<span style=\"color: #ffffff;\">Werden Sie aktiv! Es ist nie zu sp\u00e4t den Beckenboden zu trainieren!<\/span><\/h5>\n<\/div><\/div><div class=\"ult-spacer spacer-69d215b4dc2b6\" data-id=\"69d215b4dc2b6\" data-height=\"15\" data-height-mobile=\"15\" data-height-tab=\"15\" data-height-tab-portrait=\"\" data-height-mobile-landscape=\"\" style=\"clear:both;display:block;\"><\/div><div class=\"wpb_text_column\"><div class=\"wpb_wrapper\"><h5><span style=\"color: #ffffff;\">Dieser Kurs wird von den gesetzlichen Krankenkassen bezuschusst.<\/span><\/h5>\n<\/div><\/div><div class=\"ult-spacer spacer-69d215b4dc399\" data-id=\"69d215b4dc399\" data-height=\"15\" data-height-mobile=\"15\" data-height-tab=\"15\" data-height-tab-portrait=\"\" data-height-mobile-landscape=\"\" style=\"clear:both;display:block;\"><\/div><div class=\"w-btn-wrapper align_none\"><a class=\"w-btn us-btn-style_1 icon_atleft\" title=\"Kurstermine Beckenbodenkurs\" href=\"https:\/\/www.hebammestrobel.de\/?page_id=1845\"><i class=\"material-icons\">event_available<\/i><span class=\"w-btn-label\">Kurstermine &gt;&gt;<\/span><\/a><\/div><\/div><\/div><div class=\"wpb_column vc_column_container\"><div class=\"vc_column-inner\"><\/div><\/div><\/div><\/div><\/section><section class=\"l-section wpb_row hide_on_default hide_on_laptops hide_on_tablets height_large full_height valign_center with_img\"><div class=\"l-section-img\" role=\"img\" aria-label=\"Bild\" data-img-width=\"2560\" data-img-height=\"1707\" style=\"background-image: url(https:\/\/hebammestrobel.de\/wp-content\/uploads\/2022\/03\/becken-scaled.jpg);background-position: top center;background-repeat: no-repeat;\"><\/div><div class=\"l-section-overlay\" style=\"background:rgba(0,0,0,0.65)\"><\/div><div class=\"l-section-h i-cf\"><div class=\"g-cols vc_row via_grid cols_2-1 laptops-cols_inherit tablets-cols_inherit mobiles-cols_1 valign_top type_default stacking_default\"><div class=\"wpb_column vc_column_container us_custom_2f718236\"><div class=\"vc_column-inner\"><div class=\"ult-spacer spacer-69d215b4dcd76\" data-id=\"69d215b4dcd76\" data-height=\"40\" data-height-mobile=\"40\" data-height-tab=\"40\" data-height-tab-portrait=\"\" data-height-mobile-landscape=\"\" style=\"clear:both;display:block;\"><\/div><div class=\"wpb_text_column\"><div class=\"wpb_wrapper\"><h2 style=\"text-align: left;\"><span class=\"highlight highlight_primary\">Beckenboden <span style=\"color: #ffffff;\">Kurs<\/span><\/span><\/h2>\n<h3 style=\"text-align: left;\"><span style=\"color: #ffffff;\">Beckenboden- und Kontinenztraining f\u00fcr Frauen jeden Alters.<\/span><\/h3>\n<h5><span style=\"color: #ffffff;\">Risikofaktoren wie:<\/span><br \/>\n<span style=\"color: #ffffff;\">&#8211; Menopause<\/span><br \/>\n<span style=\"color: #ffffff;\">&#8211; Geburten und Schwangerschaften<\/span><br \/>\n<span style=\"color: #ffffff;\">&#8211; Bindegewebsschw\u00e4che<\/span><br \/>\n<span style=\"color: #ffffff;\">&#8211; Geb\u00e4rmutterentfernung<\/span><br \/>\n<span style=\"color: #ffffff;\">&#8211; \u00dcbergewicht<\/span><br \/>\n<span style=\"color: #ffffff;\">&#8211; Schlechte Bewegungsf\u00e4higkeit<\/span><br \/>\n<span style=\"color: #ffffff;\">&#8211; Schlaganfall<\/span><br \/>\n<span style=\"color: #ffffff;\">&#8211; Diabetes mellitus<\/span><br \/>\n<span style=\"color: #ffffff;\">&#8211; Blaseninfektionen<\/span><br \/>\n<span style=\"color: #ffffff;\">&#8211; Alter<\/span><br \/>\n<span style=\"color: #ffffff;\">&#8211; bestimmte Medikamente<\/span><\/h5>\n<h5><span style=\"color: #ffffff;\">schw\u00e4chen den Beckenboden. Die Folgen k\u00f6nnen Schwierigkeiten beim Halten des Urins und Stuhlgangs sein.<\/span><br \/>\n<span style=\"color: #ffffff;\">Der Beckenboden hat die Funktion die Kontinenz zu erhalten, Rumpf und Becken zu stabilisieren, die Beckenorgane an Ihrem Platz zu sichern, sich f\u00fcr Ausscheidungen und Geburten zu erweitern.<\/span><br \/>\n<span style=\"color: #ffffff;\">Im Kurs lernen Sie die versteckte Beckenbodenmuskulatur wahrzunehmen und zu kr\u00e4ftigen. Durch diese Stabilisierung der Mitte erlangen Sie mehr &#8222;Blasensicherheit&#8220;, eine Unterst\u00fctzung der Bauch-, Bein-, und R\u00fcckenmuskulatur und somit eine gesunde Aufrichtung.<\/span><br \/>\n<span style=\"color: #ffffff;\">Werden Sie aktiv! Es ist nie zu sp\u00e4t den Beckenboden zu trainieren!<\/span><\/h5>\n<\/div><\/div><div class=\"ult-spacer spacer-69d215b4dd14a\" data-id=\"69d215b4dd14a\" data-height=\"15\" data-height-mobile=\"15\" data-height-tab=\"15\" data-height-tab-portrait=\"\" data-height-mobile-landscape=\"\" style=\"clear:both;display:block;\"><\/div><div class=\"wpb_text_column\"><div class=\"wpb_wrapper\"><h5><span style=\"color: #ffffff;\">Dieser Kurs wird von den gesetzlichen Krankenkassen bezuschusst.<\/span><\/h5>\n<\/div><\/div><div class=\"ult-spacer spacer-69d215b4dd26a\" data-id=\"69d215b4dd26a\" data-height=\"15\" data-height-mobile=\"15\" data-height-tab=\"15\" data-height-tab-portrait=\"\" data-height-mobile-landscape=\"\" style=\"clear:both;display:block;\"><\/div><div class=\"w-btn-wrapper align_none\"><a class=\"w-btn us-btn-style_1 icon_atleft\" title=\"Kurstermine Beckenbodenkurs\" href=\"https:\/\/www.hebammestrobel.de\/?page_id=1845\"><i class=\"material-icons\">event_available<\/i><span class=\"w-btn-label\">Kurstermine &gt;&gt;<\/span><\/a><\/div><\/div><\/div><div class=\"wpb_column vc_column_container\"><div class=\"vc_column-inner\"><\/div><\/div><\/div><\/div><\/section>\n","protected":false},"excerpt":{"rendered":"Beckenboden Kurs Beckenboden- und Kontinenztraining f\u00fcr Frauen jeden Alters. Risikofaktoren wie: &#8211; Menopause &#8211; Geburten und Schwangerschaften &#8211; Bindegewebsschw\u00e4che &#8211; Geb\u00e4rmutterentfernung &#8211; \u00dcbergewicht &#8211; Schlechte Bewegungsf\u00e4higkeit &#8211; Schlaganfall &#8211; Diabetes mellitus &#8211; Blaseninfektionen &#8211; Alter &#8211; bestimmte Medikamente schw\u00e4chen den Beckenboden. Die Folgen k\u00f6nnen Schwierigkeiten beim Halten des Urins und Stuhlgangs sein. Der Beckenboden hat...","protected":false},"author":1,"featured_media":0,"parent":0,"menu_order":0,"comment_status":"closed","ping_status":"closed","template":"","meta":[],"_links":{"self":[{"href":"https:\/\/hebammestrobel.de\/index.php?rest_route=\/wp\/v2\/pages\/1560"}],"collection":[{"href":"https:\/\/hebammestrobel.de\/index.php?rest_route=\/wp\/v2\/pages"}],"about":[{"href":"https:\/\/hebammestrobel.de\/index.php?rest_route=\/wp\/v2\/types\/page"}],"author":[{"embeddable":true,"href":"https:\/\/hebammestrobel.de\/index.php?rest_route=\/wp\/v2\/users\/1"}],"replies":[{"embeddable":true,"href":"https:\/\/hebammestrobel.de\/index.php?rest_route=%2Fwp%2Fv2%2Fcomments&post=1560"}],"version-history":[{"count":24,"href":"https:\/\/hebammestrobel.de\/index.php?rest_route=\/wp\/v2\/pages\/1560\/revisions"}],"predecessor-version":[{"id":1850,"href":"https:\/\/hebammestrobel.de\/index.php?rest_route=\/wp\/v2\/pages\/1560\/revisions\/1850"}],"wp:attachment":[{"href":"https:\/\/hebammestrobel.de\/index.php?rest_route=%2Fwp%2Fv2%2Fmedia&parent=1560"}],"curies":[{"name":"wp","href":"https:\/\/api.w.org\/{rel}","templated":true}]}}