{"id":1592,"date":"2022-03-06T13:46:23","date_gmt":"2022-03-06T12:46:23","guid":{"rendered":"https:\/\/www.hebammestrobel.de\/?page_id=1592"},"modified":"2022-05-17T06:26:30","modified_gmt":"2022-05-17T04:26:30","slug":"rueckbildungsgymnastik","status":"publish","type":"page","link":"https:\/\/hebammestrobel.de\/?page_id=1592","title":{"rendered":"Rueckbildungsgymnastik"},"content":{"rendered":"<section class=\"l-section wpb_row hide_on_mobiles height_large full_height valign_center width_full with_img with_shape\"><div class=\"l-section-img\" role=\"img\" aria-label=\"Bild\" data-img-width=\"2560\" data-img-height=\"1707\" style=\"background-image: url(https:\/\/hebammestrobel.de\/wp-content\/uploads\/2022\/03\/rueckbildung-scaled.jpg);background-repeat: no-repeat;\"><\/div><div class=\"l-section-overlay\" style=\"background:rgba(0,0,0,0.65)\"><\/div><div class=\"l-section-shape type_triangle pos_top\" style=\"height:15vmin;\"><svg xmlns=\"http:\/\/www.w3.org\/2000\/svg\" viewBox=\"0 0 64 8\" preserveAspectRatio=\"none\" width=\"100%\" height=\"100%\">\r\n\t<path fill=\"currentColor\" d=\"M64 8 L0 8 L0 0 L32 7.9 L64 0 Z\"\/>\r\n<\/svg><\/div><div class=\"l-section-shape type_triangle-inv pos_bottom\" style=\"height:15vmin;\"><svg xmlns=\"http:\/\/www.w3.org\/2000\/svg\" viewBox=\"0 0 64 8\" preserveAspectRatio=\"none\" width=\"100%\" height=\"100%\">\r\n\t<path fill=\"currentColor\" d=\"M64 9 L0 9 L0 7.9 L32 0 L64 7.9 Z\"\/>\r\n<\/svg><\/div><div class=\"l-section-h i-cf\"><div class=\"g-cols vc_row via_grid cols_1-2-1 laptops-cols_inherit tablets-cols_inherit mobiles-cols_1 valign_top type_default stacking_default\"><div class=\"wpb_column vc_column_container us_custom_2f718236\"><div class=\"vc_column-inner\"><\/div><\/div><div class=\"wpb_column vc_column_container\"><div class=\"vc_column-inner\"><div class=\"wpb_text_column\"><div class=\"wpb_wrapper\"><h2 style=\"text-align: center;\"><span class=\"highlight highlight_primary\">R\u00fcckbildungs<span style=\"color: #ffffff;\">gymastik<\/span><\/span><\/h2>\n<h5><span style=\"color: #ffffff;\">Durch Schwangerschaft und Geburt hat sich Ihr K\u00f6rper ver\u00e4ndert. Im R\u00fcckbildungskurs geht es vor allem darum den Beckenboden wieder zu st\u00e4rken und somit sp\u00e4terer Inkontinenz oder Senkungsbeschwerden vorzubeugen. Aber sich auch einfach den Umst\u00e4nden entsprechend angemessen zu bewegen, sich auszutauschen und zu entspannen sind Ziele des Kurses. Da man sich bei der Beckenboden Arbeit sehr konzentrieren muss, findet dieser Kurs abends ohne Kind statt. Somit haben Sie auch einfach mal wieder Zeit etwas f\u00fcr sich selbst zu tun.<\/span><\/h5>\n<\/div><\/div><div class=\"ult-spacer spacer-69f0bc5bb39d6\" data-id=\"69f0bc5bb39d6\" data-height=\"15\" data-height-mobile=\"15\" data-height-tab=\"15\" data-height-tab-portrait=\"\" data-height-mobile-landscape=\"\" style=\"clear:both;display:block;\"><\/div><div class=\"wpb_text_column\"><div class=\"wpb_wrapper\"><h5><span style=\"color: #ffffff;\">Der Kurs ist eine gesetzliche Kassenleistung, vers\u00e4umte Kursstunden m\u00fcssen selbst bezahlt werden.<\/span><\/h5>\n<\/div><\/div><div class=\"ult-spacer spacer-69f0bc5bb3b22\" data-id=\"69f0bc5bb3b22\" data-height=\"15\" data-height-mobile=\"15\" data-height-tab=\"15\" data-height-tab-portrait=\"\" data-height-mobile-landscape=\"\" style=\"clear:both;display:block;\"><\/div><div class=\"w-btn-wrapper align_none\"><a class=\"w-btn us-btn-style_1 icon_atleft\" title=\"Kurstermine R\u00fcckbildungsgymnastik\" href=\"https:\/\/www.hebammestrobel.de\/?page_id=1753\"><i class=\"material-icons\">event_available<\/i><span class=\"w-btn-label\">Kurstermine &gt;&gt;<\/span><\/a><\/div><\/div><\/div><div class=\"wpb_column vc_column_container us_custom_9d5fe496\"><div class=\"vc_column-inner\"><\/div><\/div><\/div><\/div><\/section><section class=\"l-section wpb_row hide_on_default hide_on_laptops hide_on_tablets height_large full_height valign_top with_img\"><div class=\"l-section-img\" role=\"img\" aria-label=\"Bild\" data-img-width=\"2560\" data-img-height=\"1707\" style=\"background-image: url(https:\/\/hebammestrobel.de\/wp-content\/uploads\/2022\/03\/rueckbildung-scaled.jpg);background-repeat: no-repeat;\"><\/div><div class=\"l-section-overlay\" style=\"background:rgba(0,0,0,0.65)\"><\/div><div class=\"l-section-h i-cf\"><div class=\"g-cols vc_row via_grid cols_3 laptops-cols_inherit tablets-cols_inherit mobiles-cols_1 valign_top type_default stacking_default\"><div class=\"wpb_column vc_column_container us_custom_2f718236\"><div class=\"vc_column-inner\"><\/div><\/div><div class=\"wpb_column vc_column_container\"><div class=\"vc_column-inner\"><div class=\"wpb_text_column\"><div class=\"wpb_wrapper\"><h2 style=\"text-align: center;\"><span class=\"highlight highlight_primary\">R\u00fcckbildungs<span style=\"color: #ffffff;\">gymastik<\/span><\/span><\/h2>\n<h5><span style=\"color: #ffffff;\">Durch Schwangerschaft und Geburt hat sich Ihr K\u00f6rper ver\u00e4ndert. Im R\u00fcckbildungskurs geht es vor allem darum den Beckenboden wieder zu st\u00e4rken und somit sp\u00e4terer Inkontinenz oder Senkungsbeschwerden vorzubeugen. Aber sich auch einfach den Umst\u00e4nden entsprechend angemessen zu bewegen, sich auszutauschen und zu entspannen sind Ziele des Kurses. Da man sich bei der Beckenboden Arbeit sehr konzentrieren muss, findet dieser Kurs abends ohne Kind statt. Somit haben Sie auch einfach mal wieder Zeit etwas f\u00fcr sich selbst zu tun.<\/span><\/h5>\n<\/div><\/div><div class=\"ult-spacer spacer-69f0bc5bb493a\" data-id=\"69f0bc5bb493a\" data-height=\"15\" data-height-mobile=\"15\" data-height-tab=\"15\" data-height-tab-portrait=\"\" data-height-mobile-landscape=\"\" style=\"clear:both;display:block;\"><\/div><div class=\"wpb_text_column\"><div class=\"wpb_wrapper\"><h5><span style=\"color: #ffffff;\">Der Kurs ist eine gesetzliche Kassenleistung, vers\u00e4umte Kursstunden m\u00fcssen selbst bezahlt werden.<\/span><\/h5>\n<\/div><\/div><div class=\"ult-spacer spacer-69f0bc5bb4a80\" data-id=\"69f0bc5bb4a80\" data-height=\"15\" data-height-mobile=\"15\" data-height-tab=\"15\" data-height-tab-portrait=\"\" data-height-mobile-landscape=\"\" style=\"clear:both;display:block;\"><\/div><div class=\"w-btn-wrapper align_none\"><a class=\"w-btn us-btn-style_1 icon_atleft\" title=\"Kurstermine R\u00fcckbildungsgymnastik\" href=\"https:\/\/www.hebammestrobel.de\/?page_id=1753\"><i class=\"material-icons\">event_available<\/i><span class=\"w-btn-label\">Kurstermine &gt;&gt;<\/span><\/a><\/div><\/div><\/div><div class=\"wpb_column vc_column_container us_custom_9d5fe496\"><div class=\"vc_column-inner\"><\/div><\/div><\/div><\/div><\/section>\n","protected":false},"excerpt":{"rendered":"R\u00fcckbildungsgymastik Durch Schwangerschaft und Geburt hat sich Ihr K\u00f6rper ver\u00e4ndert. Im R\u00fcckbildungskurs geht es vor allem darum den Beckenboden wieder zu st\u00e4rken und somit sp\u00e4terer Inkontinenz oder Senkungsbeschwerden vorzubeugen. Aber sich auch einfach den Umst\u00e4nden entsprechend angemessen zu bewegen, sich auszutauschen und zu entspannen sind Ziele des Kurses. Da man sich bei der Beckenboden Arbeit...","protected":false},"author":1,"featured_media":0,"parent":0,"menu_order":0,"comment_status":"closed","ping_status":"closed","template":"","meta":[],"_links":{"self":[{"href":"https:\/\/hebammestrobel.de\/index.php?rest_route=\/wp\/v2\/pages\/1592"}],"collection":[{"href":"https:\/\/hebammestrobel.de\/index.php?rest_route=\/wp\/v2\/pages"}],"about":[{"href":"https:\/\/hebammestrobel.de\/index.php?rest_route=\/wp\/v2\/types\/page"}],"author":[{"embeddable":true,"href":"https:\/\/hebammestrobel.de\/index.php?rest_route=\/wp\/v2\/users\/1"}],"replies":[{"embeddable":true,"href":"https:\/\/hebammestrobel.de\/index.php?rest_route=%2Fwp%2Fv2%2Fcomments&post=1592"}],"version-history":[{"count":12,"href":"https:\/\/hebammestrobel.de\/index.php?rest_route=\/wp\/v2\/pages\/1592\/revisions"}],"predecessor-version":[{"id":1829,"href":"https:\/\/hebammestrobel.de\/index.php?rest_route=\/wp\/v2\/pages\/1592\/revisions\/1829"}],"wp:attachment":[{"href":"https:\/\/hebammestrobel.de\/index.php?rest_route=%2Fwp%2Fv2%2Fmedia&parent=1592"}],"curies":[{"name":"wp","href":"https:\/\/api.w.org\/{rel}","templated":true}]}}