{"id":1605,"date":"2022-03-06T14:11:42","date_gmt":"2022-03-06T13:11:42","guid":{"rendered":"https:\/\/www.hebammestrobel.de\/?page_id=1605"},"modified":"2025-12-08T21:47:57","modified_gmt":"2025-12-08T20:47:57","slug":"beckenboden-kurs","status":"publish","type":"page","link":"https:\/\/hebammestrobel.de\/?page_id=1605","title":{"rendered":"Geburtsvorbereitende Akupunktur"},"content":{"rendered":"<section class=\"l-section wpb_row hide_on_mobiles height_large full_height valign_center width_full with_img with_shape\"><div class=\"l-section-img\" role=\"img\" aria-label=\"Bild\" data-img-width=\"2510\" data-img-height=\"2560\" style=\"background-image: url(https:\/\/hebammestrobel.de\/wp-content\/uploads\/2022\/03\/akupunkter-1-scaled.jpg);background-repeat: no-repeat;\"><\/div><div class=\"l-section-overlay\" style=\"background:rgba(0,0,0,0.65)\"><\/div><div class=\"l-section-shape type_triangle-2-inv pos_bottom\" style=\"height:15vmin;\"><svg xmlns=\"http:\/\/www.w3.org\/2000\/svg\" viewBox=\"0 0 64 8\" preserveAspectRatio=\"none\" width=\"100%\" height=\"100%\">\r\n\t<path fill=\"currentColor\" d=\"M64 9 L0 9 L0 7.9 L48 0 L64 7.9 Z\"\/>\r\n<\/svg><\/div><div class=\"l-section-h i-cf\"><div class=\"g-cols vc_row via_grid cols_2-1 laptops-cols_inherit tablets-cols_inherit mobiles-cols_1 valign_top type_default stacking_default\"><div class=\"wpb_column vc_column_container us_custom_2f718236\"><div class=\"vc_column-inner\"><div class=\"wpb_text_column\"><div class=\"wpb_wrapper\"><h2 style=\"text-align: center;\"><span class=\"highlight highlight_primary\">Geburtsvorbereitende <span style=\"color: #ffffff;\">Akupunktur<\/span><\/span><\/h2>\n<h5 style=\"text-align: left;\"><span style=\"color: #ffffff;\">Die geburtsvorbereitende Akupunktur hat als Teilbereich der Traditionellen Chinesischen Medizin inzwischen gro\u00dfes Interesse im Westen erlangt. Die Akupunktur ist eine ganzheitliche Therapieform, die ihre Wirkung auf den gesamten Organismus ausbreitet.<\/span><br \/>\n<span style=\"color: #ffffff;\">Bei der Akupunktur werden sterile Akupunkturnadeln gem\u00e4\u00df der traditionellen Regeln in bestimmte Akupunktur &#8211; Punkte gestochen. Die Punkte liegen auf den Meridianen in denen das \u201eQi\u201c , die Lebensenergie flie\u00dft. Nach dem Gesundheitsverst\u00e4ndnis der Traditionellen Chinesischen Medizin sind St\u00f6rungen im \u201eQi\u201c die Ursachen von Krankheit. Akupunktur l\u00e4sst das sogenannte \u201eQi\u201c (die Lebensenergie) flie\u00dfen, l\u00f6st \u201eQi\u201c-Blockaden und reguliert dadurch St\u00f6rungen \/ Erkrankungen. Die Akupunkturpunkte f\u00fcr das geburtsvorbereitende Schema liegen am Unterschenkel bzw. ab der 38. SSW am kleinen Zeh. Man kann ab Mitte der 36.SSW (also 35+) oder auch erst ab 36+0 mit der geburtsvorbereitenden Akupunktur beginnen.<\/span><br \/>\n<span style=\"color: #ffffff;\">Durch die geburtsvorbereitende Akupunktur wird die Muskulatur gest\u00e4rkt, die Reifung des Geb\u00e4rmutterhalses unterst\u00fctzt und die Mitte der Frau gest\u00e4rkt. Ab der 38. SSW werden zus\u00e4tzlich Wehen angeregt. Au\u00dferdem werden Schwangerschaftsbeschwerden wie Sodbrennen, Schlafst\u00f6rungen, die Neigung zu \u00d6demen und Schmerzen positiv beeinflusst.<\/span><br \/>\n<span style=\"color: #ffffff;\">Akupunktur richtet keinen Schaden an- entweder sie hilft, oder der Zustand bleibt unver\u00e4ndert.<\/span><br \/>\n<span style=\"color: #ffffff;\">M\u00f6gliche Nebenwirkungen k\u00f6nnen sein: kleine H\u00e4matome an der Einstichstelle, gelegentlicher Austritt von etwas Blut an der Einstichstelle und vermehrte Kindsbewegungen. Sehr selten gibt es w\u00e4hrend der Akupunktur Kreislaufprobleme.<\/span><br \/>\n<span style=\"color: #ffffff;\">F\u00fcr eine nat\u00fcrliche Geburt ist die geburtsvorbereitende Akupunktur eine wirkungsvolle Vorbereitung f\u00fcr eine k\u00fcrzere und etwas leichtere Geburt.<\/span><\/h5>\n<\/div><\/div><div class=\"ult-spacer spacer-69d218405f662\" data-id=\"69d218405f662\" data-height=\"15\" data-height-mobile=\"15\" data-height-tab=\"15\" data-height-tab-portrait=\"\" data-height-mobile-landscape=\"\" style=\"clear:both;display:block;\"><\/div><div class=\"wpb_text_column\"><div class=\"wpb_wrapper\"><h4 dir=\"auto\"><span style=\"color: #ff9900;\">Die Akupunktursprechstunde findet nach vorheriger Anmeldung, Mittwochs zwischen 7:45 und 9:00<\/span><span style=\"color: #ff9900; font-family: inherit;\"> Uhr in meinen Praxisr\u00e4umen, M\u00fchlacker Str. 86, 75417 M\u00fchlacker-Lomersheim statt.<\/span><\/h4>\n<h4 dir=\"auto\"><span style=\"color: #ff9900;\">Die Geb\u00fchr von 20\u20ac pro Akupunktursitzung ist bei jedem Termin bar zu bezahlen.<\/span><\/h4>\n<\/div><\/div><\/div><\/div><div class=\"wpb_column vc_column_container us_custom_9d5fe496\"><div class=\"vc_column-inner\"><\/div><\/div><\/div><\/div><\/section><section class=\"l-section wpb_row hide_on_default hide_on_laptops hide_on_tablets height_large full_height valign_center with_img\"><div class=\"l-section-img\" role=\"img\" aria-label=\"Bild\" data-img-width=\"2510\" data-img-height=\"2560\" style=\"background-image: url(https:\/\/hebammestrobel.de\/wp-content\/uploads\/2022\/03\/akupunkter-1-scaled.jpg);background-repeat: no-repeat;\"><\/div><div class=\"l-section-overlay\" style=\"background:rgba(0,0,0,0.65)\"><\/div><div class=\"l-section-h i-cf\"><div class=\"g-cols vc_row via_grid cols_2-1 laptops-cols_inherit tablets-cols_inherit mobiles-cols_1 valign_top type_default stacking_default\"><div class=\"wpb_column vc_column_container us_custom_2f718236\"><div class=\"vc_column-inner\"><div class=\"ult-spacer spacer-69d218405feec\" data-id=\"69d218405feec\" data-height=\"30\" data-height-mobile=\"30\" data-height-tab=\"30\" data-height-tab-portrait=\"\" data-height-mobile-landscape=\"\" style=\"clear:both;display:block;\"><\/div><div class=\"wpb_text_column\"><div class=\"wpb_wrapper\"><h2 style=\"text-align: center;\"><span class=\"highlight highlight_primary\">Geburtsvorbereitende <span style=\"color: #ffffff;\">Akupunktur<\/span><\/span><\/h2>\n<h5 style=\"text-align: left;\"><span style=\"color: #ffffff;\">Die geburtsvorbereitende Akupunktur hat als Teilbereich der Traditionellen Chinesischen Medizin inzwischen gro\u00dfes Interesse im Westen erlangt. Die Akupunktur ist eine ganzheitliche Therapieform, die ihre Wirkung auf den gesamten Organismus ausbreitet.<\/span><br \/>\n<span style=\"color: #ffffff;\">Bei der Akupunktur werden sterile Akupunkturnadeln gem\u00e4\u00df der traditionellen Regeln in bestimmte Akupunktur &#8211; Punkte gestochen. Die Punkte liegen auf den Meridianen in denen das \u201eQi\u201c , die Lebensenergie flie\u00dft. Nach dem Gesundheitsverst\u00e4ndnis der Traditionellen Chinesischen Medizin sind St\u00f6rungen im \u201eQi\u201c die Ursachen von Krankheit. Akupunktur l\u00e4sst das sogenannte \u201eQi\u201c (die Lebensenergie) flie\u00dfen, l\u00f6st \u201eQi\u201c-Blockaden und reguliert dadurch St\u00f6rungen\/Erkrankungen. Die Akupunkturpunkte f\u00fcr das geburtsvorbereitende Schema liegen am Unterschenkel bzw. ab der 38. SSW am kleinen Zeh. Man kann ab Mitte der 36.SSW (also 35+) oder auch erst ab 36+0 mit der geburtsvorbereitenden Akupunktur beginnen.<\/span><br \/>\n<span style=\"color: #ffffff;\">Durch die geburtsvorbereitende Akupunktur wird die Muskulatur gest\u00e4rkt, die Reifung des Geb\u00e4rmutterhalses unterst\u00fctzt und die Mitte der Frau gest\u00e4rkt. Ab der 38. SSW werden zus\u00e4tzlich Wehen angeregt. Au\u00dferdem werden Schwangerschaftsbeschwerden wie Sodbrennen, Schlafst\u00f6rungen, die Neigung zu \u00d6demen und Schmerzen positiv beeinflusst.<\/span><br \/>\n<span style=\"color: #ffffff;\">Akupunktur richtet keinen Schaden an- entweder sie hilft, oder der Zustand bleibt unver\u00e4ndert.<\/span><br \/>\n<span style=\"color: #ffffff;\">M\u00f6gliche Nebenwirkungen k\u00f6nnen sein: kleine H\u00e4matome an der Einstichstelle, gelegentlicher Austritt von etwas Blut an der Einstichstelle und vermehrte Kindsbewegungen. Sehr selten gibt es w\u00e4hrend der Akupunktur Kreislaufprobleme.<\/span><br \/>\n<span style=\"color: #ffffff;\">F\u00fcr eine nat\u00fcrliche Geburt ist die geburtsvorbereitende Akupunktur eine wirkungsvolle Vorbereitung f\u00fcr eine k\u00fcrzere und etwas leichtere Geburt.<\/span><\/h5>\n<\/div><\/div><div class=\"ult-spacer spacer-69d2184060105\" data-id=\"69d2184060105\" data-height=\"15\" data-height-mobile=\"15\" data-height-tab=\"15\" data-height-tab-portrait=\"\" data-height-mobile-landscape=\"\" style=\"clear:both;display:block;\"><\/div><div class=\"wpb_text_column\"><div class=\"wpb_wrapper\"><h4 dir=\"auto\"><span style=\"color: #ff9900;\">Die Akupunktursprechstunde findet nach vorheriger Anmeldung, Mittwochs zwischen 7:45 und 9:00 Uhr in meinen Praxisr\u00e4umen, M\u00fchlacker Str. 86, 75417 M\u00fchlacker-Lomersheim statt.<\/span><br \/>\n<span style=\"color: #ff9900;\">Die Geb\u00fchr von 20\u20ac pro Akupunktursitzung ist bei jedem Termin bar zu bezahlen.<\/span><\/h4>\n<\/div><\/div><\/div><\/div><div class=\"wpb_column vc_column_container us_custom_9d5fe496\"><div class=\"vc_column-inner\"><\/div><\/div><\/div><\/div><\/section>\n","protected":false},"excerpt":{"rendered":"Geburtsvorbereitende Akupunktur Die geburtsvorbereitende Akupunktur hat als Teilbereich der Traditionellen Chinesischen Medizin inzwischen gro\u00dfes Interesse im Westen erlangt. Die Akupunktur ist eine ganzheitliche Therapieform, die ihre Wirkung auf den gesamten Organismus ausbreitet. Bei der Akupunktur werden sterile Akupunkturnadeln gem\u00e4\u00df der traditionellen Regeln in bestimmte Akupunktur &#8211; Punkte gestochen. Die Punkte liegen auf den Meridianen in...","protected":false},"author":1,"featured_media":0,"parent":0,"menu_order":0,"comment_status":"closed","ping_status":"closed","template":"","meta":[],"_links":{"self":[{"href":"https:\/\/hebammestrobel.de\/index.php?rest_route=\/wp\/v2\/pages\/1605"}],"collection":[{"href":"https:\/\/hebammestrobel.de\/index.php?rest_route=\/wp\/v2\/pages"}],"about":[{"href":"https:\/\/hebammestrobel.de\/index.php?rest_route=\/wp\/v2\/types\/page"}],"author":[{"embeddable":true,"href":"https:\/\/hebammestrobel.de\/index.php?rest_route=\/wp\/v2\/users\/1"}],"replies":[{"embeddable":true,"href":"https:\/\/hebammestrobel.de\/index.php?rest_route=%2Fwp%2Fv2%2Fcomments&post=1605"}],"version-history":[{"count":28,"href":"https:\/\/hebammestrobel.de\/index.php?rest_route=\/wp\/v2\/pages\/1605\/revisions"}],"predecessor-version":[{"id":2074,"href":"https:\/\/hebammestrobel.de\/index.php?rest_route=\/wp\/v2\/pages\/1605\/revisions\/2074"}],"wp:attachment":[{"href":"https:\/\/hebammestrobel.de\/index.php?rest_route=%2Fwp%2Fv2%2Fmedia&parent=1605"}],"curies":[{"name":"wp","href":"https:\/\/api.w.org\/{rel}","templated":true}]}}