{"id":1651,"date":"2022-03-06T18:42:11","date_gmt":"2022-03-06T17:42:11","guid":{"rendered":"https:\/\/www.hebammestrobel.de\/?page_id=1651"},"modified":"2022-03-19T19:32:04","modified_gmt":"2022-03-19T18:32:04","slug":"babymassage","status":"publish","type":"page","link":"https:\/\/hebammestrobel.de\/?page_id=1651","title":{"rendered":"Babymassage"},"content":{"rendered":"<section class=\"l-section wpb_row hide_on_mobiles height_large full_height valign_center width_full with_img with_shape\"><div class=\"l-section-img\" role=\"img\" aria-label=\"Bild\" data-img-width=\"2560\" data-img-height=\"1709\" style=\"background-image: url(https:\/\/hebammestrobel.de\/wp-content\/uploads\/2022\/03\/babymassage-1-scaled.jpg);\"><\/div><div class=\"l-section-overlay\" style=\"background:rgba(0,0,0,0.65)\"><\/div><div class=\"l-section-shape type_curve pos_top\" style=\"height:15vmin;\"><svg xmlns=\"http:\/\/www.w3.org\/2000\/svg\" viewBox=\"0 0 64 8\" preserveAspectRatio=\"none\" width=\"100%\" height=\"100%\">\r\n\t<path fill=\"currentColor\" d=\"M64 8 L64 0 Q32 15.8 0 0 L0 8 Z\"\/>\r\n<\/svg><\/div><div class=\"l-section-shape type_curve pos_bottom\" style=\"height:15vmin;\"><svg xmlns=\"http:\/\/www.w3.org\/2000\/svg\" viewBox=\"0 0 64 8\" preserveAspectRatio=\"none\" width=\"100%\" height=\"100%\">\r\n\t<path fill=\"currentColor\" d=\"M64 8 L64 0 Q32 15.8 0 0 L0 8 Z\"\/>\r\n<\/svg><\/div><div class=\"l-section-h i-cf\"><div class=\"g-cols vc_row via_grid cols_1-3 laptops-cols_inherit tablets-cols_inherit mobiles-cols_1 valign_top type_default stacking_default\"><div class=\"wpb_column vc_column_container us_custom_2f718236\"><div class=\"vc_column-inner\"><\/div><\/div><div class=\"wpb_column vc_column_container\"><div class=\"vc_column-inner\"><div class=\"wpb_text_column\"><div class=\"wpb_wrapper\"><h2><span style=\"color: #ffffff;\"><span class=\"highlight highlight_primary\">Babym<\/span>assage<\/span><\/h2>\n<h4><span style=\"color: #ffffff;\">\u201eBer\u00fchrt, gestreichelt und massiert zu werden, das ist Nahrung f\u00fcr das Kind\u201c.<\/span><br \/>\n<span style=\"color: #ffffff;\">(F. Leboyer)<\/span><\/h4>\n<h5><span style=\"color: #ffffff;\">Liebe Eltern,<\/span><\/h5>\n<h5><span style=\"color: #ffffff;\">ein Neugeborenes nimmt seine Umgebung vor allem \u00fcber den Tastsinn wahr. Durch die Ber\u00fchrung bei der Babymassage erlebt das Kind ein wohliges Befinden. Sie wirkt sich positiv auf eine nat\u00fcrliche, gesunde Entwicklung sowie auf den Kreislauf, die Durchblutung, das Immunsystem und die Verdauung des Kindes aus. Die Massage f\u00f6rdert zudem die K\u00f6rperwahrnehmung und st\u00e4rkt die Mutter (Vater)- Kind Bindung.<\/span><br \/>\n<span style=\"color: #ffffff;\">Im Kurs werden Massagegriffe nach dem Vorbild der schwedisch-indischen Babymassage gezeigt und praktisch ge\u00fcbt.<\/span><br \/>\n<span style=\"color: #ffffff;\">Alter der Babys bei Kursbeginn: 4 Wochen- 5 Monate.<\/span><br \/>\n<span style=\"color: #ffffff;\">Bitte mitbringen: 1x Einmalwickelunterlage, 1 gro\u00dfes Handtuch.<\/span><br \/>\n<span style=\"color: #ffffff;\">Kosten: 55 \u20ac f\u00fcr 4 Termine, sind bar bei Kursbeginn mitzubringen,<\/span><br \/>\n<span style=\"color: #ffffff;\">Skript und \u00d6l inklusive.<\/span><\/h5>\n<\/div><\/div><div class=\"ult-spacer spacer-69d21331bbaf4\" data-id=\"69d21331bbaf4\" data-height=\"15\" data-height-mobile=\"15\" data-height-tab=\"15\" data-height-tab-portrait=\"\" data-height-mobile-landscape=\"\" style=\"clear:both;display:block;\"><\/div><div class=\"w-btn-wrapper align_none\"><a class=\"w-btn us-btn-style_1 icon_atleft\" title=\"Kurstermine Babymassage\" href=\"https:\/\/www.hebammestrobel.de\/?page_id=1756\"><i class=\"material-icons\">event_available<\/i><span class=\"w-btn-label\">Kurstermine &gt;&gt;<\/span><\/a><\/div><\/div><\/div><\/div><\/div><\/section><section class=\"l-section wpb_row hide_on_default hide_on_laptops hide_on_tablets height_large full_height valign_center with_img\"><div class=\"l-section-img\" role=\"img\" aria-label=\"Bild\" data-img-width=\"2560\" data-img-height=\"1709\" style=\"background-image: url(https:\/\/hebammestrobel.de\/wp-content\/uploads\/2022\/03\/babymassage-1-scaled.jpg);\"><\/div><div class=\"l-section-overlay\" style=\"background:rgba(0,0,0,0.65)\"><\/div><div class=\"l-section-h i-cf\"><div class=\"g-cols vc_row via_grid cols_1-3 laptops-cols_inherit tablets-cols_inherit mobiles-cols_1 valign_top type_default stacking_default\"><div class=\"wpb_column vc_column_container us_custom_2f718236\"><div class=\"vc_column-inner\"><\/div><\/div><div class=\"wpb_column vc_column_container\"><div class=\"vc_column-inner\"><div class=\"wpb_text_column\"><div class=\"wpb_wrapper\"><h2><span style=\"color: #ffffff;\"><span class=\"highlight highlight_primary\">Babym<\/span>assage<\/span><\/h2>\n<h4><span style=\"color: #ffffff;\">\u201eBer\u00fchrt, gestreichelt und massiert zu werden, das ist Nahrung f\u00fcr das Kind\u201c.<\/span><br \/>\n<span style=\"color: #ffffff;\">(F. Leboyer)<\/span><\/h4>\n<h5><span style=\"color: #ffffff;\">Liebe Eltern,<\/span><\/h5>\n<h5><span style=\"color: #ffffff;\">ein Neugeborenes nimmt seine Umgebung vor allem \u00fcber den Tastsinn wahr. Durch die Ber\u00fchrung bei der Babymassage erlebt das Kind ein wohliges Befinden. Sie wirkt sich positiv auf eine nat\u00fcrliche, gesunde Entwicklung sowie auf den Kreislauf, die Durchblutung, das Immunsystem und die Verdauung des Kindes aus. Die Massage f\u00f6rdert zudem die K\u00f6rperwahrnehmung und st\u00e4rkt die Mutter (Vater)- Kind Bindung.<\/span><br \/>\n<span style=\"color: #ffffff;\">Im Kurs werden Massagegriffe nach dem Vorbild der schwedisch-indischen Babymassage gezeigt und praktisch ge\u00fcbt.<\/span><br \/>\n<span style=\"color: #ffffff;\">Alter der Babys bei Kursbeginn: 4 Wochen- 5 Monate.<\/span><br \/>\n<span style=\"color: #ffffff;\">Bitte mitbringen: 1x Einmalwickelunterlage, 1 gro\u00dfes Handtuch.<\/span><br \/>\n<span style=\"color: #ffffff;\">Kosten: 55 \u20ac f\u00fcr 4 Termine, sind bar bei Kursbeginn mitzubringen,<\/span><br \/>\n<span style=\"color: #ffffff;\">Skript und \u00d6l inklusive.<\/span><\/h5>\n<\/div><\/div><div class=\"ult-spacer spacer-69d21331bc695\" data-id=\"69d21331bc695\" data-height=\"15\" data-height-mobile=\"15\" data-height-tab=\"15\" data-height-tab-portrait=\"\" data-height-mobile-landscape=\"\" style=\"clear:both;display:block;\"><\/div><div class=\"w-btn-wrapper align_none\"><a class=\"w-btn us-btn-style_1 icon_atleft\" title=\"Babymassage\" href=\"https:\/\/www.hebammestrobel.de\/?page_id=1756\"><i class=\"material-icons\">event_available<\/i><span class=\"w-btn-label\">Kurstermine &gt;&gt;<\/span><\/a><\/div><\/div><\/div><\/div><\/div><\/section>\n","protected":false},"excerpt":{"rendered":"Babymassage \u201eBer\u00fchrt, gestreichelt und massiert zu werden, das ist Nahrung f\u00fcr das Kind\u201c. (F. Leboyer) Liebe Eltern, ein Neugeborenes nimmt seine Umgebung vor allem \u00fcber den Tastsinn wahr. Durch die Ber\u00fchrung bei der Babymassage erlebt das Kind ein wohliges Befinden. Sie wirkt sich positiv auf eine nat\u00fcrliche, gesunde Entwicklung sowie auf den Kreislauf, die Durchblutung,...","protected":false},"author":1,"featured_media":0,"parent":0,"menu_order":0,"comment_status":"closed","ping_status":"closed","template":"","meta":[],"_links":{"self":[{"href":"https:\/\/hebammestrobel.de\/index.php?rest_route=\/wp\/v2\/pages\/1651"}],"collection":[{"href":"https:\/\/hebammestrobel.de\/index.php?rest_route=\/wp\/v2\/pages"}],"about":[{"href":"https:\/\/hebammestrobel.de\/index.php?rest_route=\/wp\/v2\/types\/page"}],"author":[{"embeddable":true,"href":"https:\/\/hebammestrobel.de\/index.php?rest_route=\/wp\/v2\/users\/1"}],"replies":[{"embeddable":true,"href":"https:\/\/hebammestrobel.de\/index.php?rest_route=%2Fwp%2Fv2%2Fcomments&post=1651"}],"version-history":[{"count":11,"href":"https:\/\/hebammestrobel.de\/index.php?rest_route=\/wp\/v2\/pages\/1651\/revisions"}],"predecessor-version":[{"id":1790,"href":"https:\/\/hebammestrobel.de\/index.php?rest_route=\/wp\/v2\/pages\/1651\/revisions\/1790"}],"wp:attachment":[{"href":"https:\/\/hebammestrobel.de\/index.php?rest_route=%2Fwp%2Fv2%2Fmedia&parent=1651"}],"curies":[{"name":"wp","href":"https:\/\/api.w.org\/{rel}","templated":true}]}}