{"id":1753,"date":"2022-03-13T13:29:53","date_gmt":"2022-03-13T12:29:53","guid":{"rendered":"https:\/\/www.hebammestrobel.de\/?page_id=1753"},"modified":"2026-01-26T10:23:41","modified_gmt":"2026-01-26T09:23:41","slug":"kurstermine-geburtsvorbereitung","status":"publish","type":"page","link":"https:\/\/hebammestrobel.de\/?page_id=1753","title":{"rendered":"Kurstermine R\u00fcckbildungsgymnastik"},"content":{"rendered":"<section class=\"l-section wpb_row height_small\"><div class=\"l-section-h i-cf\"><div class=\"g-cols vc_row via_grid cols_1 laptops-cols_inherit tablets-cols_inherit mobiles-cols_1 valign_top type_default stacking_default\"><div class=\"wpb_column vc_column_container\"><div class=\"vc_column-inner\"><div class=\"g-cols wpb_row via_grid cols_1 laptops-cols_inherit tablets-cols_inherit mobiles-cols_1 valign_top type_default stacking_default\" style=\"--columns-gap:3rem;\"><div class=\"wpb_column vc_column_container\"><div class=\"vc_column-inner\"><div class=\"wpb_text_column\"><div class=\"wpb_wrapper\"><h2 style=\"text-align: left;\"><span class=\"highlight highlight_primary\">Termine<\/span> R\u00fcckbildungsgymnastik<\/h2>\n<\/div><\/div><\/div><\/div><\/div><div class=\"g-cols wpb_row us_custom_303dc506 via_grid cols_1 laptops-cols_inherit tablets-cols_inherit mobiles-cols_1 valign_top type_boxes stacking_default\" style=\"--columns-gap:3rem;\"><div class=\"wpb_column vc_column_container us_custom_8a55eeeb\"><div class=\"vc_column-inner\"><div class=\"wpb_text_column\"><div class=\"wpb_wrapper\"><p>Eine Anmeldung f\u00fcr den Kurs ist erforderlich.<\/p>\n<\/div><\/div><div class=\"wpb_text_column\"><div class=\"wpb_wrapper\"><p><strong>Wo: <\/strong>Freie Waldorfschule, Unterstufenbau, Steinbeisstra\u00dfe 65, 71665 Vaihingen\/Enz<\/p>\n<\/div><\/div><div class=\"wpb_text_column\"><div class=\"wpb_wrapper\"><p><strong>Bitte beachten:<\/strong> in den Ferien und an Feiertagen finden keine Kurse statt.<\/p>\n<\/div><\/div><\/div><\/div><\/div><div class=\"g-cols wpb_row us_custom_303dc506 via_grid cols_1 laptops-cols_inherit tablets-cols_inherit mobiles-cols_1 valign_top type_default stacking_default\" style=\"--columns-gap:3rem;\"><div class=\"wpb_column vc_column_container\"><div class=\"vc_column-inner\"><div class=\"wpb_text_column\"><div class=\"wpb_wrapper\"><p style=\"text-align: center;\">Alle Kurse k\u00f6nnen Sie \u00fcber folgenden Link buchen:<\/p>\n<p style=\"text-align: center;\"><strong>!!!Leider sind f\u00fcr 2026 schon alle R\u00fcckbildungskurse ausgebucht!!!<\/strong><\/p>\n<p style=\"text-align: center;\"><a href=\"https:\/\/terminplanung.hebammen-azh.de\/HebammeChristineStrobel\">Kursbuchung<\/a><\/p>\n<\/div><\/div><\/div><\/div><\/div><\/div><\/div><\/div><\/div><\/section>\n","protected":false},"excerpt":{"rendered":"Termine R\u00fcckbildungsgymnastik Eine Anmeldung f\u00fcr den Kurs ist erforderlich. Wo: Freie Waldorfschule, Unterstufenbau, Steinbeisstra\u00dfe 65, 71665 Vaihingen\/Enz Bitte beachten: in den Ferien und an Feiertagen finden keine Kurse statt. Alle Kurse k\u00f6nnen Sie \u00fcber folgenden Link buchen: !!!Leider sind f\u00fcr 2026 schon alle R\u00fcckbildungskurse ausgebucht!!! Kursbuchung","protected":false},"author":1,"featured_media":0,"parent":0,"menu_order":0,"comment_status":"closed","ping_status":"closed","template":"","meta":[],"_links":{"self":[{"href":"https:\/\/hebammestrobel.de\/index.php?rest_route=\/wp\/v2\/pages\/1753"}],"collection":[{"href":"https:\/\/hebammestrobel.de\/index.php?rest_route=\/wp\/v2\/pages"}],"about":[{"href":"https:\/\/hebammestrobel.de\/index.php?rest_route=\/wp\/v2\/types\/page"}],"author":[{"embeddable":true,"href":"https:\/\/hebammestrobel.de\/index.php?rest_route=\/wp\/v2\/users\/1"}],"replies":[{"embeddable":true,"href":"https:\/\/hebammestrobel.de\/index.php?rest_route=%2Fwp%2Fv2%2Fcomments&post=1753"}],"version-history":[{"count":15,"href":"https:\/\/hebammestrobel.de\/index.php?rest_route=\/wp\/v2\/pages\/1753\/revisions"}],"predecessor-version":[{"id":2079,"href":"https:\/\/hebammestrobel.de\/index.php?rest_route=\/wp\/v2\/pages\/1753\/revisions\/2079"}],"wp:attachment":[{"href":"https:\/\/hebammestrobel.de\/index.php?rest_route=%2Fwp%2Fv2%2Fmedia&parent=1753"}],"curies":[{"name":"wp","href":"https:\/\/api.w.org\/{rel}","templated":true}]}}