{"id":1980,"date":"2025-06-06T18:40:29","date_gmt":"2025-06-06T16:40:29","guid":{"rendered":"https:\/\/hebammestrobel.de\/?page_id=1980"},"modified":"2025-06-06T19:31:40","modified_gmt":"2025-06-06T17:31:40","slug":"avb","status":"publish","type":"page","link":"https:\/\/hebammestrobel.de\/?page_id=1980","title":{"rendered":"AVB"},"content":{"rendered":"<p><strong>Kursvereinbarungen<\/strong><\/p>\n<p><strong>Vereinbarung zur Teilnahme an einem Geburtsvorbereitungskurs f\u00fcr gesetzlich Versicherte<\/strong><\/p>\n<ol>\n<li>Der Geburtsvorbereitungskurs umfasst 8 Unterrichtstage \u00e0 120 Minuten. Maximal 14 Stunden (840 Minuten) werden von den gesetzlichen Krankenkassen \u00fcbernommen.<\/li>\n<\/ol>\n<p>W\u00e4hrend des Kurses findet ein Partnerabend, f\u00fcr interessierte Papas, statt. Hierf\u00fcr ist der f\u00fcnfte \u00a0und letzte Kurstag vorgesehen. Die Teilnahme an einem Partnerabend ist freiwillig. Bei Inanspruchnahme wird eine Partnergeb\u00fchr von einmalig 40 \u20ac erhoben, die nicht von allen gesetzlichen Krankenkassen erstattet wird. F\u00fcr die Teilnehmerinnen die am Partnerabend nicht dabei sein m\u00f6chten, entf\u00e4llt dieser zus\u00e4tzliche Abend. Am letzten Kursabend k\u00f6nnen die Partner noch optional zum Thema Wochenbett dazu kommen.<\/p>\n<ol start=\"2\">\n<li>Die einzelnen Kursstunden bauen aufeinander auf, neue Teilnehmerinnen k\u00f6nnen daher nicht in einen laufenden Kurs aufgenommen werden.<\/li>\n<\/ol>\n<p>Kursstunden, die in Anspruch genommen wurden, rechnet die Hebamme direkt mit der gesetzlichen Krankenkasse ab. Die Verg\u00fctung richtet sich nach der jeweils geltenden Verg\u00fctungsvereinbarung der Hebammen nach \u00a7 134 a SGB V.<\/p>\n<p>Vers\u00e4umt die Kursteilnehmerin einzelne Stunden, beh\u00e4lt die Hebamme ihren Geb\u00fchrenanspruch unabh\u00e4ngig davon, aus welchen Gr\u00fcnden die Kursteilnehmerin nicht teilgenommen hat. Vers\u00e4umte Kursstunden werden von der Kursteilnehmerin selbst getragen. Es gilt dann die jeweilige Privatgeb\u00fchrenordnung des Bundeslandes als vereinbart.<\/p>\n<p>Eine vorzeitige ordentliche K\u00fcndigung vor Kursende ist nicht m\u00f6glich.<\/p>\n<ol start=\"3\">\n<li>Im Falle eines R\u00fccktritts, bis zu vier Wochen vor Kursbeginn wird die H\u00e4lfte der Kursgeb\u00fchr f\u00e4llig, bei weniger als 4 Wochen wird die ganze Kursgeb\u00fchr f\u00e4llig.<\/li>\n<li>Der Hebamme wird das Recht einger\u00e4umt, einzelne Kursstunden bei Bedarf kurzfristig zu verlegen.<\/li>\n<li>Die Kursteilnehmerin erkl\u00e4rt sich damit einverstanden, dass die Hebamme Daten, der Kursteilnehmerin, zur Kontaktaufnahme und f\u00fcr Informationen, zur Abrechnung mit der Krankenkasse, zur Abrechnung \u00fcber die Abrechnungsfirma AZH und zum Weiterleiten des QM-Fragebogens, benutzen und weitergeben darf.<\/li>\n<\/ol>\n<p>&nbsp;<\/p>\n<p><strong>Vereinbarung zur Teilnahme an einem Geburtsvorbereitungskurs f\u00fcr Privatversicherte.<\/strong><\/p>\n<ol>\n<li>Der Geburtsvorbereitungskurs umfasst 7 Unterrichtstage \u00e0 120 Minuten + ein Partnerabend. Maximal 14 Stunden (840 Minuten) werden in der Regel von den privaten Krankenkassen \u00fcbernommen.<\/li>\n<\/ol>\n<p>W\u00e4hrend des Kurses findet ein Partnerabend, f\u00fcr interessierte Papas, statt. Hierf\u00fcr ist der f\u00fcnfte Kurstag vorgesehen. Die Teilnahme am Partnerabend ist freiwillig. Bei Inanspruchnahme wird eine einmalige Partnergeb\u00fchr von 40 \u20ac erhoben, die nicht von allen Krankenkassen erstattet wird. F\u00fcr die Teilnehmerinnen die am Partnerabend nicht dabei sein m\u00f6chten, entf\u00e4llt dieser zus\u00e4tzliche Abend. Am letzten Abend k\u00f6nnen die Partner optional noch zum Thema Wochenbett dazu kommen.<\/p>\n<ol start=\"2\">\n<li>Die einzelnen Kursstunden bauen aufeinander auf, neue Teilnehmerinnen k\u00f6nnen daher nicht in einen laufenden Kurs aufgenommen werden.<\/li>\n<\/ol>\n<p>Kursstunden, die in Anspruch genommen wurden, rechnet die Hebamme direkt mit der Kursteilnehmerin ab. Die Verg\u00fctung richtet sich nach der jeweils geltenden Hebammen-Privatgeb\u00fchrenordnung von Baden-W\u00fcrttemberg.<\/p>\n<p>Vers\u00e4umt die Kursteilnehmerin einzelne Stunden, beh\u00e4lt die Hebamme ihren Geb\u00fchrenanspruch unabh\u00e4ngig davon, aus welchen Gr\u00fcnden die Kursteilnehmerin nicht teilgenommen hat. Vers\u00e4umte Kursstunden werden von der Kursteilnehmerin selbst getragen. Es gilt dann die jeweilige Privatgeb\u00fchrenordnung des Bundeslandes als vereinbart.<\/p>\n<p>Eine vorzeitige ordentliche K\u00fcndigung vor Kursende ist nicht m\u00f6glich.<\/p>\n<ol start=\"3\">\n<li>Im Falle eines R\u00fccktritts, bis zu vier Wochen vor Kursbeginn wird die H\u00e4lfte der Kursgeb\u00fchr f\u00e4llig, bei weniger als 4 Wochen wird die ganze Kursgeb\u00fchr f\u00e4llig.<\/li>\n<li>Der Hebamme wird das Recht einger\u00e4umt, einzelne Kursstunden bei Bedarf kurzfristig zu verlegen.<\/li>\n<li>Die Kurstilnehmerin erkl\u00e4rt sich damit einverstanden, dass die Hebamme Daten, der Kursteilnehmerin zur Kontaktaufnahme und f\u00fcr Informationen, zur Abrechnung mit der Krankenkasse, zur Abrechnung \u00fcber die Abrechnungsfirma AZH und zum Weiterleiten des QM-Fragebogens, benutzen und weitergeben darf.<\/li>\n<\/ol>\n<p><strong>Vereinbarung zur Teilnahme am R\u00fcckbildungskurs f\u00fcr gesetzlich Versicherte.<\/strong><\/p>\n<ol>\n<li>Der R\u00fcckbildungskurs umfasst 8 Unterrichtstage \u00e0 75 Minuten. Maximal 10 Stunden (750 Minuten) werden von den gesetzlichen Krankenkassen \u00fcbernommen.<\/li>\n<li>Einzelnen Kursstunden bauen aufeinander auf, neue Teilnehmerinnen k\u00f6nnen daher nicht in einen laufenden Kurs aufgenommen werden.<\/li>\n<\/ol>\n<p>Kursstunden, die in Anspruch genommen wurden, rechnet die Hebamme direkt mit der gesetzlichen Krankenkasse ab. Die Verg\u00fctung richtet sich nach der jeweils geltenden Verg\u00fctungsvereinbarung der Hebammen nach \u00a7 134 a SGB V.<\/p>\n<p>Vers\u00e4umt die Kursteilnehmerin einzelne Stunden, beh\u00e4lt die Hebamme ihren Geb\u00fchrenanspruch unabh\u00e4ngig davon, aus welchen Gr\u00fcnden die Kursteilnehmerin nicht teilgenommen hat. Vers\u00e4umte Kursstunden werden von der Kursteilnehmerin selbst getragen. Es gilt dann die jeweilige Privatgeb\u00fchrenordnung des Bundeslandes als vereinbart.<\/p>\n<p>Eine vorzeitige ordentliche K\u00fcndigung vor Kursende ist nicht m\u00f6glich.<\/p>\n<ol start=\"4\">\n<li>Im Falle eines R\u00fccktritts, bis zu vier Wochen vor Kursbeginn wird die H\u00e4lfte der Kursgeb\u00fchr f\u00e4llig, bei weniger als 4 Wochen wird die ganze Kursgeb\u00fchr f\u00e4llig.<\/li>\n<li>Der Hebamme wird das Recht einger\u00e4umt, einzelne Kursstunden bei Bedarf kurzfristig zu verlegen.<\/li>\n<li>Die Kurstilnehmerin erkl\u00e4rt sich damit einverstanden, dass die Hebamme Daten, der Kursteilnehmerin zur Kontaktaufnahme und f\u00fcr Informationen, zur Abrechnung mit der Krankenkasse, zur Abrechnung \u00fcber die Abrechnungsfirma AZH und zum Weiterleiten des QM-Fragebogens, benutzen und weitergeben darf.<\/li>\n<\/ol>\n<p><strong>Vereinbarung zur Teilnahme am R\u00fcckbildungskurs f\u00fcr Privatversicherte.<\/strong><\/p>\n<ol>\n<li>Der R\u00fcckbildungskurs umfasst 8 Unterrichtstage \u00e0 75 Minuten. Maximal 10 Stunden (750 Minuten) werden von den privaten Krankenkassen \u00fcbernommen.<\/li>\n<li>Die einzelnen Kursstunden bauen aufeinander auf, neue Teilnehmerinnen k\u00f6nnen daher nicht in einen laufenden Kurs aufgenommen werden.<\/li>\n<\/ol>\n<p>Kursstunden, die in Anspruch genommen wurden, rechnet die Hebamme direkt mit der Kursteilnehmerin ab. Die Verg\u00fctung richtet sich nach der jeweils geltenden Hebammen- Privatgeb\u00fchrenordnung von Baden-W\u00fcrttemberg.<\/p>\n<p>Vers\u00e4umt die Kursteilnehmerin einzelne Stunden, beh\u00e4lt die Hebamme ihren Geb\u00fchrenanspruch unabh\u00e4ngig davon, aus welchen Gr\u00fcnden die Kursteilnehmerin nicht teilgenommen hat. Vers\u00e4umte Kursstunden werden von der Kursteilnehmerin selbst getragen. Es gilt dann die jeweilige Privatgeb\u00fchrenordnung des Bundeslandes als vereinbart.<\/p>\n<p>Eine vorzeitige ordentliche K\u00fcndigung vor Kursende ist nicht m\u00f6glich.<\/p>\n<ol start=\"3\">\n<li>Im Falle eines R\u00fccktritts, bis zu vier Wochen vor Kursbeginn wird die H\u00e4lfte der Kursgeb\u00fchr f\u00e4llig, bei weniger als 4 Wochen wird die ganze Kursgeb\u00fchr f\u00e4llig.<\/li>\n<li>Der Hebamme wird das Recht einger\u00e4umt, einzelne Kursstunden bei Bedarf kurzfristig zu verlegen.<\/li>\n<li>Die Kurstilnehmerin erkl\u00e4rt sich damit einverstanden, dass die Hebamme Daten, der Kursteilnehmerin zur Kontaktaufnahme und f\u00fcr Informationen, zur Abrechnung mit der Krankenkasse, zur Abrechnung \u00fcber die Abrechnungsfirma AZH und zum Weiterleiten des QM-Fragebogens, benutzen und weitergeben darf.<\/li>\n<\/ol>\n<p>&nbsp;<\/p>\n<p><strong>Vereinbarung zur Teilnahme am Babymassagekurs<\/strong><\/p>\n<ol>\n<li>Der Babymassagekurs umfasst 4 Unterrichtstage \u00e0 60 Minuten (Zeit ist abh\u00e4ngig von den Kindern)<\/li>\n<li>Die einzelnen Kursstunden bauen aufeinander auf, neue Teilnehmerinnen k\u00f6nnen daher nicht in einen laufenden Kurs aufgenommen werden.<\/li>\n<\/ol>\n<p>Vers\u00e4umt die Kursteilnehmerin einzelne Stunden, beh\u00e4lt die Hebamme ihren Honoraranspruch unabh\u00e4ngig davon, aus welchen Gr\u00fcnden die Kursteilnehmerin nicht teilgenommen hat. Vers\u00e4umte Kursstunden werden von der Kursteilnehmerin selbst getragen. Eine vorzeitige ordentliche K\u00fcndigung vor Kursende ist nicht m\u00f6glich.<\/p>\n<ol start=\"3\">\n<li>Einige Krankenkassen \u00fcbernehmen die Kursgeb\u00fchr, wenn 80% Anwesenheit im Kurs vorliegt. Eine Bescheinigung hierf\u00fcr wird am Ende des Kurses ausgestellt.<\/li>\n<li>Im Falle eines R\u00fccktritts, bis zu vier Wochen vor Kursbeginn wird die H\u00e4lfte der Kursgeb\u00fchr f\u00e4llig, bei weniger als 4 Wochen wird die ganze Kursgeb\u00fchr f\u00e4llig.<\/li>\n<li>Der Hebamme wird das Recht einger\u00e4umt, einzelne Kursstunden bei Bedarf kurzfristig zu verlegen.<\/li>\n<li>Die Kurstilnehmerin erkl\u00e4rt sich damit einverstanden, dass die Hebamme Daten, der Kursteilnehmerin und des Kindes zur Kontaktaufnahme und f\u00fcr Informationen, zur Ausstellung der Teilnahmebescheinigung, zur Abrechnung \u00fcber die Abrechnungsfirma AZH und zum Weiterleiten des QM-Fragebogens, benutzen und weitergeben darf.<\/li>\n<\/ol>\n<p>&nbsp;<\/p>\n<p><strong>Vereinbarung zur Teilnahme am aufbauenden R\u00fcckbildungskurs.<\/strong><\/p>\n<ol>\n<li>Der Kurs umfasst 6 Unterrichtstage \u00e0 60 Minuten. In den Ferien findet in der Regel kein Kurs statt.<\/li>\n<li>Die einzelnen Kursstunden bauen aufeinander auf, neue Teilnehmerinnen k\u00f6nnen daher nicht in einen laufenden Kurs aufgenommen werden.<\/li>\n<\/ol>\n<p>Vers\u00e4umt die Kursteilnehmerin einzelne Stunden, beh\u00e4lt die Hebamme ihren Honoraranspruch unabh\u00e4ngig davon, aus welchen Gr\u00fcnden die Kursteilnehmerin nicht teilgenommen hat. Vers\u00e4umte Kursstunden werden von der Kursteilnehmerin selbst getragen. Eine vorzeitige ordentliche K\u00fcndigung vor Kursende ist nicht m\u00f6glich.<\/p>\n<ol start=\"3\">\n<li>Es besteht kein Anspruch auf Kosten\u00fcbernahme von Seiten der Krankenkasse.<\/li>\n<li>Der Hebamme wird das Recht einger\u00e4umt, einzelne Kursstunden bei Bedarf kurzfristig zu verlegen.<\/li>\n<li>Im Falle eines R\u00fccktritts, bis zu vier Wochen vor Kursbeginn, wird die H\u00e4lfte der Kursgeb\u00fchr f\u00e4llig, bei weniger als vier Wochen wird die ganze Kursgeb\u00fchr f\u00e4llig.<\/li>\n<li>Die Kurstilnehmerin erkl\u00e4rt sich damit einverstanden, dass die Hebamme Daten, der Kursteilnehmerin zur Kontaktaufnahme und f\u00fcr Informationen, zur Abrechnung mit der Krankenkasse, zur Abrechnung \u00fcber die Abrechnungsfirma AZH und zum Weiterleiten des QM-Fragebogens, benutzen und weitergeben darf.<\/li>\n<\/ol>\n<p><strong>Vereinbarung zur Teilnahme am Beckenboden Kurs f\u00fcr Frauen jeden Alters<\/strong><\/p>\n<p>&nbsp;<\/p>\n<ol>\n<li>Der Kurs umfasst 8 Unterrichtstage \u00e0 75 Minuten. In den Ferien findet in der Regel kein Kurs statt. Die einzelnen Kursstunden bauen aufeinander auf, neue Teilnehmerinnen k\u00f6nnen daher nicht in einen laufenden Kurs aufgenommen werden.<\/li>\n<li>Die Kursgeb\u00fchr betr\u00e4gt 150 Euro und muss sieben bis max. 14 Tagen vor Kursbeginn auf das Konto von: Christine Strobel IBAN DE33 6049 1430 0041 3120 15<br \/>\nBIC: GENODES1VBB bei VR-Bank Ludwigsburg eingegangen sein. Eine Bezuschussung der Krankenkasse, f\u00fcr Frauen ab der Menopause, erfolgt erst nach Abschluss des Kurses.<\/li>\n<li>Vers\u00e4umt die Kursteilnehmerin einzelne Stunden, beh\u00e4lt die Hebamme ihren Honoraranspruch unabh\u00e4ngig davon, aus welchen Gr\u00fcnden die Kursteilnehmerin nicht teilgenommen hat. Vers\u00e4umte Kursstunden werden von der Kursteilnehmerin selbst getragen. Bei einer Stornierung vor Kursbeginn bzw. K\u00fcndigung vor Kursende werden keine Kosten erstattet<\/li>\n<li>Die gesetzlichen Krankenkassen \u00fcbernehmen einen Anteil der Kursgeb\u00fchr, f\u00fcr Frauen ab der Menopause, wenn 80% Anwesenheit im Kurs vorliegt. Eine Bescheinigung hierf\u00fcr wird am Ende des Kurses ausgestellt.<\/li>\n<li>Der Hebamme wird das Recht einger\u00e4umt, einzelne Kursstunden bei Bedarf kurzfristig zu verlegen.<\/li>\n<\/ol>\n<p>&nbsp;<\/p>\n<ol start=\"6\">\n<li>Die Kurstilnehmerin erkl\u00e4rt sich damit einverstanden, dass die Hebamme Daten, der Kursteilnehmerin zur Kontaktaufnahme und f\u00fcr Informationen, zur Abrechnung mit der Krankenkasse, zur Abrechnung \u00fcber die Abrechnungsfirma AZH und zum Weiterleiten des QM-Fragebogens, benutzen und weitergeben darf.<\/li>\n<\/ol>\n<p>&nbsp;<\/p>\n<p><strong>Vereinbarungen zum Tupler Technik<\/strong><strong>\u00ae Programm<\/strong><\/p>\n<p>Die Geb\u00fchr f\u00fcr das Programm wird vor dem ersten Termin bezahlt. Materialkosten werden vor Ort per Karte oder bar bezahlt. Die Trainerin, Christine Strobel, beh\u00e4lt Ihren Geb\u00fchrenanspruch auch dann wenn das Programm, von Seiten der Teilnehmerin, vorzeitig abgebrochen wird. Es kann vorkommen, dass die Teilnehmerin auch 2 Diastasis Rehab Splints\u00ae ben\u00f6tigt, je nach Bauchl\u00e4nge der Teilnehmerin. Dadurch fallen Mehrkosten an. Die Programm und Materialkosten werden nicht von den Krankenkassen \u00fcbernommen. Der Erfolg f\u00fcr das Programm ist vom Engagement der Teilnehmerin f\u00fcr die vier Schritte der TupplerTechnik\u00ae und der Gr\u00f6\u00dfe der Rektusdiastase abh\u00e4ngig .F\u00fcr den Erfolg kann nicht die Trainerin verantwortlich gemacht werden. Die Teilnehmerin erkl\u00e4rt sich damit einverstanden, das die Bauchbilder der Teilnehmerin anonym zu Werbezwecken, auf der Homepage ver\u00f6ffentlicht werden d\u00fcrfen.<\/p>\n<p>&nbsp;<\/p>\n<p><strong>\u00a0Information zur Datenverarbeitung<\/strong><\/p>\n<p>Aufgrund der Datenschutzbestimmungen der EU-Datenschutz-Grundverordnung (DS-GVO) und des Bundesdatenschutzgesetzes (BDSG) bin ich<\/p>\n<p>verpflichtet, Sie dar\u00fcber zu informieren, zu welchem Zweck ich Ihre Daten erhebe, speichere oder<\/p>\n<p>weiterleite und welche Rechte Sie haben.<\/p>\n<ol>\n<li>Verantwortlich f\u00fcr die Verarbeitung Ihrer Daten ist:<\/li>\n<\/ol>\n<p>Christine Strobel Vogelsangstr.27 75417 M\u00fchlacker, 07041-810723, tine-strobel@web.de<\/p>\n<ol start=\"2\">\n<li>Art und Umfang der von Ihnen erhobenen und gespeicherten Daten sowie Art und Zweck<\/li>\n<\/ol>\n<p>und deren Verwendung<\/p>\n<p>Ich erhebe folgende Informationen:<\/p>\n<ul>\n<li>Anrede, Vorname, Nachname,<\/li>\n<li>Geburtsdatum,<\/li>\n<li>Familienstand<\/li>\n<li>Krankenversicherung; Krankenversicherungsnummer<\/li>\n<li>Anschrift<\/li>\n<li>Telefonnummer (Festnetz und\/oder Mobilfunk)<\/li>\n<li>E-Mail-Adresse<\/li>\n<li>Gesundheitsdaten (Anamnesen, Diagnosen, Therapievorschl\u00e4ge, Befunde)<\/li>\n<\/ul>\n<p>Hierzu verarbeite ich neben der o.g. personenbezogenen Daten, insbesondere Ihre<\/p>\n<p>Gesundheitsdaten, die ich oder andere Gesundheitsdienstleister erheben. Die Erhebung dieser Daten ist notwendig, um den Behandlungsvertrag mit Ihnen und die damit verbundenen Pflichten zu erf\u00fcllen. Ohne diese Informationen ist eine sorgf\u00e4ltige Behandlung nicht m\u00f6glich. Auch andere<\/p>\n<p>Gesundheitsdienstleister wie: Hebammen, \u00c4rzte, Klinken oder Labore, bei denen Sie \u00a0in Behandlung sind und Befunde erhoben werden, k\u00f6nnen uns Daten zur Verf\u00fcgung stellen (z. B. in Arztbriefen, Laborbefunde).<\/p>\n<p>Empf\u00e4nger der Daten<\/p>\n<p>Ich \u00fcbermittel Ihre personenbezogenen Daten nur dann an Dritte, wenn dies gesetzlich erlaubt ist oder<\/p>\n<p>Sie eingewilligt haben.<\/p>\n<p>Empf\u00e4nger Ihrer personenbezogenen Daten k\u00f6nnen sein:<\/p>\n<p>&#8211; Hebammen<\/p>\n<p>&#8211; \u00c4rzte<\/p>\n<p>&#8211; Kliniken<\/p>\n<p>&#8211; Labore<\/p>\n<p>&#8211; Externe Dienste zur Wartungszwecke<\/p>\n<p>&#8211; Buchhaltung<\/p>\n<p>&#8211; Abrechnungsfirma<\/p>\n<p>&#8211; Krankenkasse<\/p>\n<ol start=\"3\">\n<li>Speicherung Ihrer Daten<\/li>\n<\/ol>\n<p>Die von mir erhobenen personenbezogenen Daten werden bis zum Ablauf der gesetzlichen<\/p>\n<p>Aufbewahrungspflicht gespeichert und danach gel\u00f6scht. Ich bin verpflichtet, Ihre Daten mindestens \u00a010 Jahre nach Abschluss der Behandlung aufzubewahren. In besonderen F\u00e4llen k\u00f6nnen sich auch l\u00e4ngere Aufbewahrungsfristen ergeben, bis zu 30 Jahre.<\/p>\n<p>Im \u00dcbrigen bewahre ich Ihre personenbezogenen Daten nur solange auf, wie dies f\u00fcr die<\/p>\n<p>Durchf\u00fchrung der Behandlung erforderlich ist.<\/p>\n<ol start=\"4\">\n<li>Weitergabe von Daten an Dritte \u2013 wer bekommt Ihre Daten?<\/li>\n<\/ol>\n<p>Ich \u00fcbermittle Ihre personenbezogenen Daten nur dann an Dritte, wenn dies gesetzlich erlaubt ist<\/p>\n<p>oder Sie eingewilligt haben.<\/p>\n<p>Die \u00dcbermittlung erfolgt zum Zwecke der Abrechnung der bei Ihnen erbrachten Leistungen, zur<\/p>\n<p>Kl\u00e4rung von medizinischen und sich aus Ihrem Versicherungsverh\u00e4ltnis ergebenden Fragen und um Befunde zu erhalten. Im Einzelfall erfolgt die \u00dcbermittlung von Daten an weitere berechtigte<\/p>\n<p>Empf\u00e4nger.<\/p>\n<ol start=\"5\">\n<li>Betroffenenrechte \u2013 welche Rechte haben Sie als Patient?<\/li>\n<\/ol>\n<p>Sie haben das Recht:<\/p>\n<ul>\n<li>gem\u00e4\u00df Art. 7 Abs. 3 DS-GVO Ihre einmal erteilte Einwilligung (z. B. bei Abrechnung durch von<\/li>\n<\/ul>\n<p>mir beauftragten Abrechnungsstellen) jederzeit gegen\u00fcber mir zu widerrufen. Dies hat zur<\/p>\n<p>Folge, dass ich die Datenverarbeitung, die auf dieser Einwilligung beruhte, f\u00fcr die Zukunft<\/p>\n<p>nicht mehr fortf\u00fchren darf;<\/p>\n<ul>\n<li>gem\u00e4\u00df Art. 15 DS-GVO Auskunft \u00fcber Ihre von mir verarbeiteten personenbezogenen Daten<\/li>\n<\/ul>\n<p>zu verlangen. Insbesondere k\u00f6nnen Sie Auskunft \u00fcber die Verarbeitungszwecke, die<\/p>\n<p>Kategorie der personenbezogenen Daten, die Kategorien von Empf\u00e4ngern, gegen\u00fcber denen<\/p>\n<p>Ihre Daten offengelegt wurden oder werden, die geplante Speicherdauer, das Bestehen eines<\/p>\n<p>Rechts auf Berichtigung, L\u00f6schung, Einschr\u00e4nkung der Verarbeitung oder Widerspruch, das<\/p>\n<p>Bestehen eines Beschwerderechts, die Herkunft ihrer Daten, sofern diese nicht bei mir<\/p>\n<p>erhoben wurden, sowie \u00fcber das Bestehen einer automatisierten Entscheidungsfindung<\/p>\n<p>einschlie\u00dflich Profiling und ggf. aussagekr\u00e4ftigen Informationen zu deren Einzelheiten<\/p>\n<p>verlangen;<\/p>\n<ul>\n<li>gem\u00e4\u00df Art. 16 DS-GVO unverz\u00fcglich die Berichtigung unrichtiger oder Vervollst\u00e4ndigung<\/li>\n<\/ul>\n<p>Ihrer bei mir gespeicherten personenbezogenen Daten zu verlangen;<\/p>\n<p>Stand: 26.10.2020<\/p>\n<ul>\n<li>gem\u00e4\u00df Art. 17 DS-GVO die L\u00f6schung Ihrer bei mir gespeicherten personenbezogenen Daten<\/li>\n<\/ul>\n<p>zu verlangen, soweit nicht die Verarbeitung zur Aus\u00fcbung des Rechts auf freie<\/p>\n<p>Meinungs\u00e4u\u00dferung und Information, zur Erf\u00fcllung einer rechtlichen Verpflichtung, aus<\/p>\n<p>Gr\u00fcnden des \u00f6ffentlichen Interesses erforderlich ist;<\/p>\n<ul>\n<li>gem\u00e4\u00df Art. 18 DS-GVO die Einschr\u00e4nkung der Verarbeitung Ihrer personenbezogenen Daten<\/li>\n<\/ul>\n<p>zu verlangen, soweit die Richtigkeit der Daten von Ihnen bestritten wird, die Verarbeitung<\/p>\n<p>unrechtm\u00e4\u00dfig ist, Sie aber deren L\u00f6schung ablehnen und ich die Daten nicht mehr ben\u00f6tige,<\/p>\n<p>Sie jedoch diese zur Geltendmachung, Aus\u00fcbung oder Verteidigung von Rechtsanspr\u00fcchen<\/p>\n<p>ben\u00f6tigen oder Sie gem\u00e4\u00df Art. 21 DSGVO Widerspruch gegen die Verarbeitung eingelegt<\/p>\n<p>haben;<\/p>\n<ul>\n<li>gem\u00e4\u00df Art. 20 DS-GVO Ihre personenbezogenen Daten, die Sie mir bereitgestellt haben, in<\/li>\n<\/ul>\n<p>einem strukturierten, g\u00e4ngigen und maschinenlesebaren Format zu erhalten oder die<\/p>\n<p>\u00dcbermittlung an einen anderen Verantwortlichen zu verlangen;<\/p>\n<ul>\n<li>gem\u00e4\u00df Art. 21 DS-GVO Widerspruch gegen die Verarbeitung Ihrer personenbezogenen Daten<\/li>\n<\/ul>\n<p>einzulegen, soweit daf\u00fcr Gr\u00fcnde vorliegen, die sich aus Ihrer besonderen Situation ergeben.<\/p>\n<p>(Der Widerspruch ist schriftlich mitzuteilen &#8211; siehe Einwilligung in die Datenvereinbarung);<\/p>\n<ul>\n<li>gem\u00e4\u00df Art. 77 DS-GVO sich bei einer Aufsichtsbeh\u00f6rde zu beschweren. In der Regel k\u00f6nnen<\/li>\n<\/ul>\n<p>Sie sich hierf\u00fcr an die Aufsichtsbeh\u00f6rde Ihres \u00fcblichen Aufenthaltsortes oder Arbeitsplatzes<\/p>\n<p>oder unseres Verbandssitzes wenden.<\/p>\n<p>Die f\u00fcr uns zust\u00e4ndige Datenschutzbeh\u00f6rde ist:<\/p>\n<p>Name: Der Landesbeauftragte f\u00fcr den Datenschutz und die Informationsfreiheit Baden-W\u00fcrttemberg<\/p>\n<p>Anschrift: Postfach 102932, 70025 Stuttgart<\/p>\n<p>Allgemeine Rechtsgrundlagen<\/p>\n<p>Rechtsgrundlagen f\u00fcr die Verarbeitung Ihrer Daten ist Artikel 9 Absatz 2 lit. h) DS-GVO in Verbindung<\/p>\n<p>mit \u00a7 22 Abs.1 Nr. 1 lit. b) BDSG.<\/p>\n<p>&nbsp;<\/p>\n<p><strong>Einwilligungserkl\u00e4rung in die Datenverarbeitung<\/strong><\/p>\n<p>Alle betreuten Frauen, Kursteilnehmer:innen oder Patient:innen erlauben durch die Anmeldung bei der Hebamme Christine Strobel dass diese Ihre Daten zu folgenden Zwecken erhebt, verarbeitet und genutzt werden darf:<\/p>\n<p>Zur Pflege der Kontaktdaten, zur Erf\u00fcllung des Behandlungsvertrages, zur Erhebung und Weiterleitung von Laborbefunden, zur Abrechnung erbrachter Leistungen mit Krankenkassen, Abrechnungsstellen und dem Patienten, zur therapeutischen Dokumentation.<\/p>\n<p>Die Betreuten ( im folgenden ich genannt)sind darauf hingewiesen worden, dass<\/p>\n<p>&#8211; die im Rahmen der vorstehenden genannten Zweck erhobenen pers\u00f6nlichen Daten meiner Person unter Beachtung des DSGVO und des BDSG erhoben, verarbeitet, genutzt und \u00fcbermittelt werden (Art. 13 DSGVO).<\/p>\n<p>&#8211; die Erhebung, Verarbeitung und Nutzung meiner Daten auf freiwilliger Basis erfolgt und dass ich mein Einverst\u00e4ndnis verweigern kann mit der Folge, dass der Behandlungsvertrag nicht erf\u00fcllt werden kann\/nicht<\/p>\n<p>zustande kommen kann und die Behandlung mit der Krankenkasse nicht abgerechnet werden kann.<\/p>\n<p>&#8211; ich jederzeit berechtigt bin, Auskunft \u00fcber die zu meiner Person gespeicherten Daten zu verlangen, (Art. 15<\/p>\n<p>DSGVO).<\/p>\n<p>&#8211; ich jederzeit berechtigt bin, die Unterrichtung (Art. 15 \u201eAuskunftsrecht der betroffenen Personen\u201c DSGVO), die<\/p>\n<p>Berichtigung (Art. 16 \u201eRecht auf Berichtigung\u201c DGSVO), die L\u00f6schung (Art. 17 \u201eRecht auf L\u00f6schung\u201c DSGVO), die<\/p>\n<p>Einschr\u00e4nkung der Verarbeitung (Art. 18 \u201eRecht auf Einschr\u00e4nkung und Verarbeitung\u201c DSGVO) oder die<\/p>\n<p>Daten\u00fcbertragbarkeit (Art. 18 \u201eRecht auf Daten\u00fcbertragbarkeit\u201c DSGVO) einzelner personenbezogener Daten zu<\/p>\n<p>verlangen.<\/p>\n<p>&#8211; ich jederzeit berechtigt bin, mit Wirkung f\u00fcr die Zukunft diese Einwilligungserkl\u00e4rung zu widerrufen.<\/p>\n<p>Des Weiteren gebe ich meine Einwilligung, dass<\/p>\n<p>Ich habe verstanden, dass meine Daten im Rahmen einer \u00dcberpr\u00fcfung anonymisiert von einem Auditor \/ einer Auditorin eingesehen werden k\u00f6nnen. Widerrufsrecht, nach Art. 21 DSGVO<\/p>\n<p>Im Falle des Widerrufes ist dieser Widerruf schriftlich zu richten an:<\/p>\n<p>Christine Strobel Vogelsangstr.27 75417 M\u00fchlacker<\/p>\n<p>Im Falle eines Widerrufes werden meine Daten nach Ablauf der gesetzlichen Fristen und falls solche nicht mehr zu beachten sind, mit dem Zugang der Willenserkl\u00e4rung der Praxis gel\u00f6scht. Die Praxis wird meinen Widerruf an die o.g. Dritten weiterleiten, die ihrerseits dann meine Daten l\u00f6schen.<\/p>\n<p>&nbsp;<\/p>\n","protected":false},"excerpt":{"rendered":"<p>Kursvereinbarungen Vereinbarung zur Teilnahme an einem Geburtsvorbereitungskurs f\u00fcr gesetzlich Versicherte Der Geburtsvorbereitungskurs umfasst 8 Unterrichtstage \u00e0 120 Minuten. Maximal 14 Stunden (840 Minuten) werden von den gesetzlichen Krankenkassen \u00fcbernommen. W\u00e4hrend des Kurses findet ein Partnerabend, f\u00fcr interessierte Papas, statt. Hierf\u00fcr ist der f\u00fcnfte \u00a0und letzte Kurstag vorgesehen. Die Teilnahme an einem Partnerabend ist freiwillig. Bei&#8230;<\/p>\n","protected":false},"author":1,"featured_media":0,"parent":0,"menu_order":0,"comment_status":"closed","ping_status":"closed","template":"","meta":[],"_links":{"self":[{"href":"https:\/\/hebammestrobel.de\/index.php?rest_route=\/wp\/v2\/pages\/1980"}],"collection":[{"href":"https:\/\/hebammestrobel.de\/index.php?rest_route=\/wp\/v2\/pages"}],"about":[{"href":"https:\/\/hebammestrobel.de\/index.php?rest_route=\/wp\/v2\/types\/page"}],"author":[{"embeddable":true,"href":"https:\/\/hebammestrobel.de\/index.php?rest_route=\/wp\/v2\/users\/1"}],"replies":[{"embeddable":true,"href":"https:\/\/hebammestrobel.de\/index.php?rest_route=%2Fwp%2Fv2%2Fcomments&post=1980"}],"version-history":[{"count":3,"href":"https:\/\/hebammestrobel.de\/index.php?rest_route=\/wp\/v2\/pages\/1980\/revisions"}],"predecessor-version":[{"id":1985,"href":"https:\/\/hebammestrobel.de\/index.php?rest_route=\/wp\/v2\/pages\/1980\/revisions\/1985"}],"wp:attachment":[{"href":"https:\/\/hebammestrobel.de\/index.php?rest_route=%2Fwp%2Fv2%2Fmedia&parent=1980"}],"curies":[{"name":"wp","href":"https:\/\/api.w.org\/{rel}","templated":true}]}}